{"id":139,"date":"2026-01-05T12:25:49","date_gmt":"2026-01-05T12:25:49","guid":{"rendered":"https:\/\/orchid-panther-716643.hostingersite.com\/instruccioneshistorico\/"},"modified":"2026-02-06T13:08:04","modified_gmt":"2026-02-06T13:08:04","slug":"instruccioneshistorico","status":"publish","type":"page","link":"https:\/\/jordalefou.com\/es\/instruccioneshistorico\/","title":{"rendered":"\/\/ InstruccionesHistorico"},"content":{"rendered":"<hr \/>\n<div class=\"sqs-html-content\" data-sqsp-text-block-content>\n<p class=\"\" style=\"white-space:pre-wrap;\"><strong>\/ OLD WEBSITE<\/strong><\/p>\n<p class=\"\" data-rte-preserve-empty=\"true\" style=\"white-space:pre-wrap;\">\n<p class=\"\" style=\"white-space:pre-wrap;\">I create lot of art material on filming \u201cInstructions\u201d, including the <strong>official web site<\/strong>.<br \/>On <strong>2007<\/strong> Flash and SWF was the best online format, so I design the site as a game.<br \/>Nowdays is not possible watch it online, so here are some screenshots. <br \/>Also <strong>you can download the original SWF<\/strong> files and watch them at any online visor or old computer.<\/p>\n<p class=\"\" data-rte-preserve-empty=\"true\" style=\"white-space:pre-wrap;\">\n<\/div>\n<div class=\"sqs-html-content\" data-sqsp-text-block-content>\n<p class=\"\" style=\"white-space:pre-wrap;\"><strong>\/\/ WEB ARCHIVADA<\/strong><\/p>\n<p class=\"\" data-rte-preserve-empty=\"true\" style=\"white-space:pre-wrap;\">\n<p class=\"\" style=\"white-space:pre-wrap;\">Para \u201cInstrucciones\u201d dise\u00f1e mucho material que se ve dentro y fuera de la pel\u00edcula.<br \/>Por aquel entonces estaba de moda el software Flash y el formato SWF, as\u00ed que constru\u00ed la <strong>p\u00e1gina web oficial de la pel\u00edcula<\/strong> como si fuera un juego.<br \/>Lamentablemente el formato flash ha desaparecido. Para que no se pierda aquello he hecho unos gifs capturando las diferentes pantallas.<br \/>Al final de esta p\u00e1gina tambi\u00e9n <strong>puedes descargar los swf originales<\/strong>, que se pueden visualizar todav\u00eda en viejos navegadores o en alg\u00fan visor online.<\/p>\n<p class=\"\" data-rte-preserve-empty=\"true\" style=\"white-space:pre-wrap;\">\n<\/div>\n<hr \/>\n<div class=\"image-gallery-wrapper\">\n<p>   <img decoding=\"async\" src=\"https:\/\/images.squarespace-cdn.com\/content\/v1\/5c238bbaf93fd45c7ceada8c\/1656953083501-1AO06V355VKLUC1B8V2H\/InsIntro.gif?format=original\" \/><\/p>\n<p>   <img decoding=\"async\" src=\"https:\/\/images.squarespace-cdn.com\/content\/v1\/5c238bbaf93fd45c7ceada8c\/1656953053827-KKJ5I5N0J25ZDKMEXXVN\/InsGaleryA.gif?format=original\" \/><\/p>\n<p>   <img decoding=\"async\" src=\"https:\/\/images.squarespace-cdn.com\/content\/v1\/5c238bbaf93fd45c7ceada8c\/1656953065337-OPV46E8Q5S2ZEG4TE0M9\/InsGaleryB.gif?format=original\" \/><\/p>\n<p>   <img decoding=\"async\" src=\"https:\/\/images.squarespace-cdn.com\/content\/v1\/5c238bbaf93fd45c7ceada8c\/1656953084867-GDCJWAOP0G1IHEZ6EOQ6\/InsProd.gif?format=original\" \/><\/p>\n<p>   <img decoding=\"async\" src=\"https:\/\/images.squarespace-cdn.com\/content\/v1\/5c238bbaf93fd45c7ceada8c\/1656953002304-013IK349GCXZ4XI3QFAS\/InsActores.gif?format=original\" \/><\/p>\n<p>   <img decoding=\"async\" src=\"https:\/\/images.squarespace-cdn.com\/content\/v1\/5c238bbaf93fd45c7ceada8c\/1656953111656-FUQGR7URWPYLY0MBNJFK\/InsCreditos.gif?format=original\" \/><\/p>\n<p>   <img decoding=\"async\" src=\"https:\/\/images.squarespace-cdn.com\/content\/v1\/5c238bbaf93fd45c7ceada8c\/1656953002913-DRC4KDAPZMRYNZAZH75B\/InsFin.gif?format=original\" \/><\/p>\n<p>   <img decoding=\"async\" src=\"https:\/\/images.squarespace-cdn.com\/content\/v1\/5c238bbaf93fd45c7ceada8c\/1656952958060-7MQXD11EY7SYBD8DMBCE\/InsSinopsis.gif?format=original\" \/><\/p>\n<\/div>\n<hr \/>\n<div class=\"sqs-html-content\" data-sqsp-text-block-content>\n<p class=\"\" style=\"white-space:pre-wrap;\">\n<p class=\"\" style=\"white-space:pre-wrap;\">&nbsp;<\/p>\n<\/div>","protected":false},"excerpt":{"rendered":"<p>\/ OLD WEBSITE I create lot of art material on filming \u201cInstructions\u201d, including the official web site.On 2007 Flash and [&hellip;]<\/p>\n","protected":false},"author":1,"featured_media":0,"parent":0,"menu_order":0,"comment_status":"closed","ping_status":"closed","template":"","meta":{"_seopress_robots_primary_cat":"","_seopress_titles_title":"","_seopress_titles_desc":"","_seopress_robots_index":"","_uag_custom_page_level_css":"","site-sidebar-layout":"default","site-content-layout":"","ast-site-content-layout":"default","site-content-style":"default","site-sidebar-style":"default","ast-global-header-display":"","ast-banner-title-visibility":"","ast-main-header-display":"","ast-hfb-above-header-display":"","ast-hfb-below-header-display":"","ast-hfb-mobile-header-display":"","site-post-title":"","ast-breadcrumbs-content":"","ast-featured-img":"","footer-sml-layout":"","ast-disable-related-posts":"","theme-transparent-header-meta":"","adv-header-id-meta":"","stick-header-meta":"","header-above-stick-meta":"","header-main-stick-meta":"","header-below-stick-meta":"","astra-migrate-meta-layouts":"set","ast-page-background-enabled":"default","ast-page-background-meta":{"desktop":{"background-color":"","background-image":"","background-repeat":"repeat","background-position":"center center","background-size":"auto","background-attachment":"scroll","background-type":"","background-media":"","overlay-type":"","overlay-color":"","overlay-opacity":"","overlay-gradient":""},"tablet":{"background-color":"","background-image":"","background-repeat":"repeat","background-position":"center center","background-size":"auto","background-attachment":"scroll","background-type":"","background-media":"","overlay-type":"","overlay-color":"","overlay-opacity":"","overlay-gradient":""},"mobile":{"background-color":"","background-image":"","background-repeat":"repeat","background-position":"center center","background-size":"auto","background-attachment":"scroll","background-type":"","background-media":"","overlay-type":"","overlay-color":"","overlay-opacity":"","overlay-gradient":""}},"ast-content-background-meta":{"desktop":{"background-color":"var(--ast-global-color-5)","background-image":"","background-repeat":"repeat","background-position":"center center","background-size":"auto","background-attachment":"scroll","background-type":"","background-media":"","overlay-type":"","overlay-color":"","overlay-opacity":"","overlay-gradient":""},"tablet":{"background-color":"var(--ast-global-color-5)","background-image":"","background-repeat":"repeat","background-position":"center center","background-size":"auto","background-attachment":"scroll","background-type":"","background-media":"","overlay-type":"","overlay-color":"","overlay-opacity":"","overlay-gradient":""},"mobile":{"background-color":"var(--ast-global-color-5)","background-image":"","background-repeat":"repeat","background-position":"center center","background-size":"auto","background-attachment":"scroll","background-type":"","background-media":"","overlay-type":"","overlay-color":"","overlay-opacity":"","overlay-gradient":""}},"footnotes":""},"class_list":["post-139","page","type-page","status-publish","hentry"],"_hostinger_reach_plugin_has_subscription_block":false,"_hostinger_reach_plugin_is_elementor":false,"uagb_featured_image_src":{"full":false,"thumbnail":false,"medium":false,"medium_large":false,"large":false,"1536x1536":false,"2048x2048":false,"trp-custom-language-flag":false},"uagb_author_info":{"display_name":"jordal","author_link":"https:\/\/jordalefou.com\/es\/author\/jordalefougmail-com\/"},"uagb_comment_info":0,"uagb_excerpt":"\/ OLD WEBSITE I create lot of art material on filming \u201cInstructions\u201d, including the official web site.On 2007 Flash and [&hellip;]","_links":{"self":[{"href":"https:\/\/jordalefou.com\/es\/wp-json\/wp\/v2\/pages\/139","targetHints":{"allow":["GET"]}}],"collection":[{"href":"https:\/\/jordalefou.com\/es\/wp-json\/wp\/v2\/pages"}],"about":[{"href":"https:\/\/jordalefou.com\/es\/wp-json\/wp\/v2\/types\/page"}],"author":[{"embeddable":true,"href":"https:\/\/jordalefou.com\/es\/wp-json\/wp\/v2\/users\/1"}],"replies":[{"embeddable":true,"href":"https:\/\/jordalefou.com\/es\/wp-json\/wp\/v2\/comments?post=139"}],"version-history":[{"count":1,"href":"https:\/\/jordalefou.com\/es\/wp-json\/wp\/v2\/pages\/139\/revisions"}],"predecessor-version":[{"id":3813,"href":"https:\/\/jordalefou.com\/es\/wp-json\/wp\/v2\/pages\/139\/revisions\/3813"}],"wp:attachment":[{"href":"https:\/\/jordalefou.com\/es\/wp-json\/wp\/v2\/media?parent=139"}],"curies":[{"name":"wp","href":"https:\/\/api.w.org\/{rel}","templated":true}]}}