{"id":141,"date":"2026-01-05T12:25:50","date_gmt":"2026-01-05T12:25:50","guid":{"rendered":"https:\/\/orchid-panther-716643.hostingersite.com\/fr-la-ville-des-gauchiers\/"},"modified":"2026-01-05T12:25:50","modified_gmt":"2026-01-05T12:25:50","slug":"fr-la-ville-des-gauchiers","status":"publish","type":"page","link":"https:\/\/jordalefou.com\/es\/fr-la-ville-des-gauchiers\/","title":{"rendered":"La Ville des gauchiers"},"content":{"rendered":"<div class=\"image-gallery-wrapper\">\n<p>   <img decoding=\"async\" src=\"https:\/\/images.squarespace-cdn.com\/content\/v1\/5c238bbaf93fd45c7ceada8c\/1613588075004-D02YLRESP9OOJ4PQE2F8\/LCDZ+Color+French_001.jpg?format=original\" \/><\/p>\n<\/div>\n<div class=\"sqs-html-content\" data-sqsp-text-block-content>\n<p class=\"\" style=\"white-space:pre-wrap;\"><strong>Extension:<\/strong> 71 pages, couleur<br \/><strong>Date:<\/strong> 2018<br \/><strong>Sujet:<\/strong> roman psychologique, romance, roman policier, noir<br \/><strong>Langue:<\/strong> Anglais &#8211; Espagnol &#8211; Fran\u00e7ais<\/p>\n<p><em>Traduction au francais by Babeth Genais<\/em><\/p>\n<\/div>\n<div class=\"sqs-html-content\" data-sqsp-text-block-content>\n<p class=\"\" style=\"white-space:pre-wrap;\">Cette \u0153uvre a eu le soutien pour sa cr\u00e9ation de la Communaut\u00e9 de Madrid \u00e0 travers l&#8217;appel <strong>\u00e0 l&#8217;aide \u00e0 la cr\u00e9ation litt\u00e9raire<\/strong> correspondant \u00e0 l&#8217;ann\u00e9e 2018.<\/p>\n<\/div>\n<p>      <img decoding=\"async\" src=\"https:\/\/images.squarespace-cdn.com\/content\/v1\/5c238bbaf93fd45c7ceada8c\/1549189649193-FDA547Z0PJOZZHGQ1W02\/Logo+CM.JPG?format=original\" alt=\"\"\/><\/p>\n<div class=\"sqs-html-content\" data-sqsp-text-block-content>\n<h1 style=\"white-space:pre-wrap;\">\/\/\/ La Ville des gauchers<\/h1>\n<h2 style=\"white-space:pre-wrap;\">\/\/\/ A <strong>Roman Graphique<\/strong> de Jordal le fou <br \/><\/h2>\n<\/div>\n<hr \/>\n<div class=\"sqs-html-content\" data-sqsp-text-block-content>\n<h2 style=\"white-space:pre-wrap;\">\/\/\/Synopsis<\/h2>\n<p class=\"\" style=\"white-space:pre-wrap;\"><strong>Salvador de Santos se rend \u00e0 Lima pour enqu\u00eater sur le suicide de L\u00e1zaro, le fils de \u00abEl Peruano Blanco de Ojos Verdes\u00bb.<\/strong><\/p>\n<p class=\"\" style=\"white-space:pre-wrap;\">Salvador est en r\u00eave avec L\u00e1zaro qui lui assure qu&#8217;il n&#8217;y a pas de place pour les gauchers dans le Royaume des Cieux.<\/p>\n<p class=\"\" style=\"white-space:pre-wrap;\">Au fur et \u00e0 mesure de l&#8217;enqu\u00eate, il rencontre diff\u00e9rents personnages de la nuit de Lima qui le m\u00e8neront dans une impasse dangereuse.<\/p>\n<p class=\"\" style=\"white-space:pre-wrap;\"><em>Le roman est largement document\u00e9 dans la ville de Lima.<\/em><\/p>\n<\/div>\n<hr \/>\n<figure class=\"block-animation-none\">\n<blockquote data-animation-role=\"quote\" \n<p>   ><br \/>\n    <span>\u201c<\/span>Muriel l\u2019appelait souvent La Ville des gauchers.<br \/>Je n\u2019ai jamais su pourquoi, <br \/>ni cela ni tout le reste.<span>\u201d<\/span><br \/>\n  <\/blockquote><figcaption class=\"source\">&mdash; Salvador de Santos<\/figcaption><\/figure>\n<hr \/>\n<div class=\"image-gallery-wrapper\">\n<p>   <img decoding=\"async\" src=\"https:\/\/images.squarespace-cdn.com\/content\/v1\/5c238bbaf93fd45c7ceada8c\/1643916759820-B3I1QM6F599UQRQ9MSCQ\/LCDZ+Color+French_002.jpg?format=original\" \/><\/p>\n<p>   <img decoding=\"async\" src=\"https:\/\/images.squarespace-cdn.com\/content\/v1\/5c238bbaf93fd45c7ceada8c\/1643916802181-Q501IZLI1R8LEYPNZHWK\/LCDZ+Color+French_003.jpg?format=original\" \/><\/p>\n<p>   <img decoding=\"async\" src=\"https:\/\/images.squarespace-cdn.com\/content\/v1\/5c238bbaf93fd45c7ceada8c\/1643916805970-UCN8PIFZ836C0FKOCKO2\/LCDZ+Color+French_004.jpg?format=original\" \/><\/p>\n<p>   <img decoding=\"async\" src=\"https:\/\/images.squarespace-cdn.com\/content\/v1\/5c238bbaf93fd45c7ceada8c\/1643916842052-1E8JRRVFRWIIO3MJHZ4F\/LCDZ+Color+French_005.jpg?format=original\" \/><\/p>\n<p>   <img decoding=\"async\" src=\"https:\/\/images.squarespace-cdn.com\/content\/v1\/5c238bbaf93fd45c7ceada8c\/1643916833208-7G0YJNOWEQA8ENMHQL8E\/LCDZ+Color+French_006.jpg?format=original\" \/><\/p>\n<p>   <img decoding=\"async\" src=\"https:\/\/images.squarespace-cdn.com\/content\/v1\/5c238bbaf93fd45c7ceada8c\/1643916859755-7ZGRPC9NKVNOKGKTAAKP\/LCDZ+Color+French_007.jpg?format=original\" \/><\/p>\n<p>   <img decoding=\"async\" src=\"https:\/\/images.squarespace-cdn.com\/content\/v1\/5c238bbaf93fd45c7ceada8c\/1643916869026-744LNTY3316M1Y05588D\/LCDZ+Color+French_008.jpg?format=original\" \/><\/p>\n<p>   <img decoding=\"async\" src=\"https:\/\/images.squarespace-cdn.com\/content\/v1\/5c238bbaf93fd45c7ceada8c\/1643916888825-DP275CCPEK7U8PV46VVY\/LCDZ+Color+French_009.jpg?format=original\" \/><\/p>\n<p>   <img decoding=\"async\" src=\"https:\/\/images.squarespace-cdn.com\/content\/v1\/5c238bbaf93fd45c7ceada8c\/1643916885955-ZI12EDL283F4XZ00RWNB\/LCDZ+Color+French_010.jpg?format=original\" \/><\/p>\n<p>   <img decoding=\"async\" src=\"https:\/\/images.squarespace-cdn.com\/content\/v1\/5c238bbaf93fd45c7ceada8c\/1643916908687-7LQZ59SBCWQPWSK61WBV\/LCDZ+Color+French_011.jpg?format=original\" \/><\/p>\n<p>   <img decoding=\"async\" src=\"https:\/\/images.squarespace-cdn.com\/content\/v1\/5c238bbaf93fd45c7ceada8c\/1643916909231-JAI4WX43MYEFAHR8RAXW\/LCDZ+Color+French_012.jpg?format=original\" \/><\/p>\n<p>   <img decoding=\"async\" src=\"https:\/\/images.squarespace-cdn.com\/content\/v1\/5c238bbaf93fd45c7ceada8c\/1643916933619-XNE4HM8UD2PHLBDFUN3B\/LCDZ+Color+French_013.jpg?format=original\" \/><\/p>\n<p>   <img decoding=\"async\" src=\"https:\/\/images.squarespace-cdn.com\/content\/v1\/5c238bbaf93fd45c7ceada8c\/1643916939404-A352IPL4TAHLPBQMXD87\/LCDZ+Color+French_014.jpg?format=original\" \/><\/p>\n<p>   <img decoding=\"async\" src=\"https:\/\/images.squarespace-cdn.com\/content\/v1\/5c238bbaf93fd45c7ceada8c\/1643916950297-4AVX8WTXQ8XD7BHAA0FS\/LCDZ+Color+French_015.jpg?format=original\" \/><\/p>\n<p>   <img decoding=\"async\" src=\"https:\/\/images.squarespace-cdn.com\/content\/v1\/5c238bbaf93fd45c7ceada8c\/1643916981004-TKU7FROOI0ECRNDRZ7MH\/LCDZ+Color+French_016.jpg?format=original\" \/><\/p>\n<p>   <img decoding=\"async\" src=\"https:\/\/images.squarespace-cdn.com\/content\/v1\/5c238bbaf93fd45c7ceada8c\/1643916995426-6F08BFOYH2IT00WAMQ36\/LCDZ+Color+French_017.jpg?format=original\" \/><\/p>\n<p>   <img decoding=\"async\" src=\"https:\/\/images.squarespace-cdn.com\/content\/v1\/5c238bbaf93fd45c7ceada8c\/1643917006048-SPDNXDPY8002BFBT03U9\/LCDZ+Color+French_018.jpg?format=original\" \/><\/p>\n<p>   <img decoding=\"async\" src=\"https:\/\/images.squarespace-cdn.com\/content\/v1\/5c238bbaf93fd45c7ceada8c\/1643917029555-V5Y88LBJFXFAPO1PZ1U5\/LCDZ+Color+French_019.jpg?format=original\" \/><\/p>\n<p>   <img decoding=\"async\" src=\"https:\/\/images.squarespace-cdn.com\/content\/v1\/5c238bbaf93fd45c7ceada8c\/1643917038151-52XYHMLDTWTPZY1QE9IS\/LCDZ+Color+French_020.jpg?format=original\" \/><\/p>\n<p>   <img decoding=\"async\" src=\"https:\/\/images.squarespace-cdn.com\/content\/v1\/5c238bbaf93fd45c7ceada8c\/1643917069038-XSL69JE5RKB7PE1DSCEQ\/LCDZ+Color+French_021.jpg?format=original\" \/><\/p>\n<p>   <img decoding=\"async\" src=\"https:\/\/images.squarespace-cdn.com\/content\/v1\/5c238bbaf93fd45c7ceada8c\/1643917074677-PL7MOV31A6I9BI2MQEST\/LCDZ+Color+French_022.jpg?format=original\" \/><\/p>\n<\/div>\n<hr \/>\n<div class=\"sqs-html-content\" data-sqsp-text-block-content>\n<h2 style=\"white-space:pre-wrap;\">\/\/\/\u00c0 propos de &#8220;La Ville des gauchers&#8221;<\/h2>\n<p class=\"\" data-rte-preserve-empty=\"true\" style=\"white-space:pre-wrap;\">\n<p class=\"\" style=\"white-space:pre-wrap;\">Jordal est un artiste d&#8217;effets visuels. Il a toujours \u00e9crit et illustr\u00e9 ses propres histoires.<\/p>\n<p class=\"\" style=\"white-space:pre-wrap;\"><strong>&#8220;La Ville des gauchers&#8221; na\u00eet de son s\u00e9jour au P\u00e9rou.<\/strong> <\/p>\n<p class=\"\" style=\"white-space:pre-wrap;\">Si vous allez un jour \u00e0 Barranco,  pensez \u00e0 faire un tour au Sargento Pimienta.<\/p>\n<\/div>\n<hr \/>\n<p>      <a href=\"\/es\/en\/city-lefties\/\" ><img decoding=\"async\" src=\"https:\/\/images.squarespace-cdn.com\/content\/v1\/5c238bbaf93fd45c7ceada8c\/1613754200215-16CWS98F90H2AWAA126L\/BotonIngles.png?format=original\" alt=\"\"\/><\/a><\/p>\n<p>      <a href=\"\/es\/la-ciudad-de-los-zurdos\" ><img decoding=\"async\" src=\"https:\/\/images.squarespace-cdn.com\/content\/v1\/5c238bbaf93fd45c7ceada8c\/1613754710986-H9YUWADTP9H06F91TXKX\/BotonEspanol.png?format=original\" alt=\"\"\/><\/a><\/p>\n<p>      <a href=\"\/es\/fr\/la-ville-des-gauchiers\/\" ><img decoding=\"async\" src=\"https:\/\/images.squarespace-cdn.com\/content\/v1\/5c238bbaf93fd45c7ceada8c\/1613753430277-A0O4O87DXY9FZ3AXBVJ5\/BotonFrances.png?format=original\" alt=\"\"\/><\/a><\/p>","protected":false},"excerpt":{"rendered":"<p>Extension: 71 pages, couleurDate: 2018Sujet: roman psychologique, romance, roman policier, noirLangue: Anglais &#8211; Espagnol &#8211; Fran\u00e7ais Traduction au francais by [&hellip;]<\/p>\n","protected":false},"author":1,"featured_media":0,"parent":0,"menu_order":0,"comment_status":"closed","ping_status":"closed","template":"","meta":{"_seopress_robots_primary_cat":"","_seopress_titles_title":"","_seopress_titles_desc":"","_seopress_robots_index":"","_uag_custom_page_level_css":"","site-sidebar-layout":"default","site-content-layout":"","ast-site-content-layout":"default","site-content-style":"default","site-sidebar-style":"default","ast-global-header-display":"","ast-banner-title-visibility":"","ast-main-header-display":"","ast-hfb-above-header-display":"","ast-hfb-below-header-display":"","ast-hfb-mobile-header-display":"","site-post-title":"","ast-breadcrumbs-content":"","ast-featured-img":"","footer-sml-layout":"","ast-disable-related-posts":"","theme-transparent-header-meta":"","adv-header-id-meta":"","stick-header-meta":"","header-above-stick-meta":"","header-main-stick-meta":"","header-below-stick-meta":"","astra-migrate-meta-layouts":"default","ast-page-background-enabled":"default","ast-page-background-meta":{"desktop":{"background-color":"","background-image":"","background-repeat":"repeat","background-position":"center center","background-size":"auto","background-attachment":"scroll","background-type":"","background-media":"","overlay-type":"","overlay-color":"","overlay-opacity":"","overlay-gradient":""},"tablet":{"background-color":"","background-image":"","background-repeat":"repeat","background-position":"center center","background-size":"auto","background-attachment":"scroll","background-type":"","background-media":"","overlay-type":"","overlay-color":"","overlay-opacity":"","overlay-gradient":""},"mobile":{"background-color":"","background-image":"","background-repeat":"repeat","background-position":"center center","background-size":"auto","background-attachment":"scroll","background-type":"","background-media":"","overlay-type":"","overlay-color":"","overlay-opacity":"","overlay-gradient":""}},"ast-content-background-meta":{"desktop":{"background-color":"var(--ast-global-color-5)","background-image":"","background-repeat":"repeat","background-position":"center center","background-size":"auto","background-attachment":"scroll","background-type":"","background-media":"","overlay-type":"","overlay-color":"","overlay-opacity":"","overlay-gradient":""},"tablet":{"background-color":"var(--ast-global-color-5)","background-image":"","background-repeat":"repeat","background-position":"center center","background-size":"auto","background-attachment":"scroll","background-type":"","background-media":"","overlay-type":"","overlay-color":"","overlay-opacity":"","overlay-gradient":""},"mobile":{"background-color":"var(--ast-global-color-5)","background-image":"","background-repeat":"repeat","background-position":"center center","background-size":"auto","background-attachment":"scroll","background-type":"","background-media":"","overlay-type":"","overlay-color":"","overlay-opacity":"","overlay-gradient":""}},"footnotes":""},"class_list":["post-141","page","type-page","status-publish","hentry"],"_hostinger_reach_plugin_has_subscription_block":false,"_hostinger_reach_plugin_is_elementor":false,"uagb_featured_image_src":{"full":false,"thumbnail":false,"medium":false,"medium_large":false,"large":false,"1536x1536":false,"2048x2048":false,"trp-custom-language-flag":false},"uagb_author_info":{"display_name":"jordal","author_link":"https:\/\/jordalefou.com\/es\/author\/jordalefougmail-com\/"},"uagb_comment_info":0,"uagb_excerpt":"Extension: 71 pages, couleurDate: 2018Sujet: roman psychologique, romance, roman policier, noirLangue: Anglais &#8211; Espagnol &#8211; Fran\u00e7ais Traduction au francais by [&hellip;]","_links":{"self":[{"href":"https:\/\/jordalefou.com\/es\/wp-json\/wp\/v2\/pages\/141","targetHints":{"allow":["GET"]}}],"collection":[{"href":"https:\/\/jordalefou.com\/es\/wp-json\/wp\/v2\/pages"}],"about":[{"href":"https:\/\/jordalefou.com\/es\/wp-json\/wp\/v2\/types\/page"}],"author":[{"embeddable":true,"href":"https:\/\/jordalefou.com\/es\/wp-json\/wp\/v2\/users\/1"}],"replies":[{"embeddable":true,"href":"https:\/\/jordalefou.com\/es\/wp-json\/wp\/v2\/comments?post=141"}],"version-history":[{"count":0,"href":"https:\/\/jordalefou.com\/es\/wp-json\/wp\/v2\/pages\/141\/revisions"}],"wp:attachment":[{"href":"https:\/\/jordalefou.com\/es\/wp-json\/wp\/v2\/media?parent=141"}],"curies":[{"name":"wp","href":"https:\/\/api.w.org\/{rel}","templated":true}]}}