{"id":151,"date":"2026-01-05T12:25:55","date_gmt":"2026-01-05T12:25:55","guid":{"rendered":"https:\/\/orchid-panther-716643.hostingersite.com\/instruccionespress\/"},"modified":"2026-02-06T13:04:22","modified_gmt":"2026-02-06T13:04:22","slug":"instruccionespress","status":"publish","type":"page","link":"https:\/\/jordalefou.com\/es\/instruccionespress\/","title":{"rendered":"\/\/ Instrucciones\/Press"},"content":{"rendered":"<p><img decoding=\"async\" src=\"https:\/\/images.squarespace-cdn.com\/content\/v1\/5c238bbaf93fd45c7ceada8c\/1633422064513-ACXQLYD6XM7C83FSNW57\/banner-ins-press.jpg?format=original\" alt=\"\"\/><\/p>\n<hr \/>\n<div class=\"sqs-html-content\" data-sqsp-text-block-content>\n<p class=\"\" style=\"white-space:pre-wrap;\"><strong>\/ NEWS<\/strong><\/p>\n<p class=\"\" style=\"white-space:pre-wrap;\">&#8220;Instructions for a new life&#8221; was showed on cable TV&nbsp;by&nbsp;<a href=\"http:\/\/www.oceannewmedia.tv\/\">Ocean New Media&nbsp;TV<\/a>&nbsp;at USA.CANADA and LATIN AMERICA along 2013-2017.<br \/>Solomiren signed an&nbsp;agreement&nbsp;with Ocean New Media at the Guadalajara Film Market 2013,<br \/>so the film was screened in several countries at North and South America along five years.<\/p>\n<p>Now you can watch the film here, write me and I will give to you acces.<\/p>\n<\/div>\n<div class=\"sqs-html-content\" data-sqsp-text-block-content>\n<p class=\"\" style=\"white-space:pre-wrap;\"><strong>\/\/ ULTIMAS NOTICIAS<\/strong><\/p>\n<p class=\"\" style=\"white-space:pre-wrap;\">&#8220;Instrucciones para una nueva vida&#8221; fue adquirida para TV por Cable por&nbsp;<a href=\"http:\/\/www.oceannewmedia.tv\/\">Ocean New Media&nbsp;TV<\/a>&nbsp;en USA.CANADA y LATINOAMERICA durante 2013-2017<br \/>Solomiren firm\u00f3 un acuerdo en el Mercado del Festival de Guadalajara 2013 por cinco a\u00f1os.<\/p>\n<p class=\"\" data-rte-preserve-empty=\"true\" style=\"white-space:pre-wrap;\">\n<p class=\"\" style=\"white-space:pre-wrap;\">Ahora puedes ver la pel\u00edcula en la p\u00e1gina de streaming, escribeme para darte acceso.<\/p>\n<\/div>\n<p>      <img decoding=\"async\" src=\"https:\/\/images.squarespace-cdn.com\/content\/v1\/5c238bbaf93fd45c7ceada8c\/6375b396-3a5b-4fc3-8a73-d829a3aeb12c\/button_download+.png?format=original\" alt=\"\"\/><\/p>\n<div class=\"sqs-html-content\" data-sqsp-text-block-content>\n<p style=\"text-align:justify;white-space: normal !important;white-space:pre-wrap;\" class=\"\"><strong>\/ <\/strong><a href=\"\/es\/s\/dossier_instrucciones_bilingue.pdf\/\" target=\"\"><strong>Downloads<\/strong> <\/a><\/p>\n<ul data-rte-list=\"default\">\n<li>\n<p style=\"text-align:justify;white-space: normal !important;white-space:pre-wrap;\" class=\"\"><a href=\"\/es\/s\/dossier_instrucciones_bilingue.pdf\/\" target=\"\">PRESSKIT<\/a><\/p>\n<\/li>\n<li>\n<p style=\"text-align:justify;white-space: normal !important;white-space:pre-wrap;\" class=\"\"><a href=\"\/es\/s\/fotos_instrucciones_film.zip\/\" target=\"\">FILM STILLS<\/a><\/p>\n<\/li>\n<li>\n<p style=\"text-align:justify;white-space: normal !important;white-space:pre-wrap;\" class=\"\"><a href=\"\/es\/s\/fotos_instrucciones_fotofija.zip\/\" target=\"\">MAK OFF STILLS<\/a><\/p>\n<\/li>\n<li>\n<p style=\"text-align:justify;white-space: normal !important;white-space:pre-wrap;\" class=\"\"><a href=\"https:\/\/vimeo.com\/65988953\">TRAILER<\/a>&nbsp;<\/p>\n<\/li>\n<\/ul>\n<\/div>\n<p>      <img decoding=\"async\" src=\"https:\/\/images.squarespace-cdn.com\/content\/v1\/5c238bbaf93fd45c7ceada8c\/d0d8435f-34f7-4d1f-ae47-300cfe17a99e\/Jorge-Vidal-%28Jordal%29_web.jpg?format=original\" alt=\"\"\/><\/p>\n<div class=\"sqs-html-content\" data-sqsp-text-block-content>\n<p style=\"text-align:justify;white-space: normal !important;white-space:pre-wrap;\" class=\"\"><strong>\/ About Jordal<\/strong><\/p>\n<ul data-rte-list=\"default\">\n<li>\n<p style=\"text-align:justify;white-space: normal !important;white-space:pre-wrap;\" class=\"\"><a href=\"\/es\/en\/bio\/\">Biography<\/a><\/p>\n<\/li>\n<li>\n<p style=\"text-align:justify;white-space: normal !important;white-space:pre-wrap;\" class=\"\"><a href=\"\/es\/en\/filmography\/\">Filmography<\/a><\/p>\n<\/li>\n<li>\n<p style=\"text-align:justify;white-space: normal !important;white-space:pre-wrap;\" class=\"\"><a href=\"https:\/\/jordalefou.com\/es\/reels\/\">Showreel<\/a><\/p>\n<\/li>\n<\/ul>\n<\/div>\n<hr \/>\n<div class=\"sqs-html-content\" data-sqsp-text-block-content>\n<h2 style=\"white-space:pre-wrap;\">\/   PRESS<\/h2>\n<ul data-rte-list=\"default\">\n<li>\n<p class=\"\" style=\"white-space:pre-wrap;\">Reportaje&nbsp; <strong>INTERVI\u00da<\/strong>&nbsp; <a href=\"\/es\/s\/Interviu_Cine.pdf\/\" target=\"\">Download Pdf<\/a> <strong>Nieves Salinas<\/strong>&nbsp;.<strong>02 de febrero del 2010<\/strong>.<\/p>\n<\/li>\n<li>\n<p class=\"\" style=\"white-space:pre-wrap;\">Reportaje&nbsp; <strong>EL MUNDO<\/strong>&nbsp; <a href=\"http:\/\/www.elcultural.es\/version_papel\/CINE\/26389\/Decenas_de_peliculas_producidas_y\">Download Pdf<\/a> <strong>Juan Sard\u00e1&nbsp;<\/strong>. EL CULTURAL.&nbsp;<strong>24 de diciembre del 2009<\/strong>.<\/p>\n<\/li>\n<li>\n<p class=\"\" style=\"white-space:pre-wrap;\"><strong>Entrevista<\/strong>  Jordal le Fou, Hector Ca\u00f1o and In\u00e9s Casta\u00f1o.&nbsp;PNR&nbsp; <a href=\"http:\/\/plataformanuevosrealizadores.wordpress.com\/2009\/09\/15\/18-festival-de-cine-de-madrid-pnr-prensa-v\/\">Pdf<\/a>   <a href=\"\/es\/s\/creencapture-plataformanuevosrealizadores-wordpress-2009-09-15-18-festival-de-cine-de-madrid-pnr-pre.jpg\/\" target=\"\">Jpg<\/a><\/p>\n<\/li>\n<li>\n<p class=\"\" style=\"white-space:pre-wrap;\">18 Festival Plataforma Nuevos Realizadores. 2009. V Festival El Ojo Cojo&nbsp; <a href=\"http:\/\/www.elojocojo.org\/test2\/festival09\/l_instrucciones.html\">Cat\u00e1log 2009.<\/a><\/p>\n<\/li>\n<li>\n<p class=\"\" style=\"white-space:pre-wrap;\">Fest. Cine Pobre 2009 &nbsp;<a href=\"http:\/\/www.cubacine.cu\/cinepobre\/catalogo2009\/filmes1.php?Vparticip=02&amp;Vcateg=01\">Secci\u00f3n a concurso.<\/a><\/p>\n<\/li>\n<li>\n<p class=\"\" style=\"white-space:pre-wrap;\">Anuario&nbsp;del Cine Espa\u00f1ol 2008 &nbsp;<a href=\"\/es\/s\/P124707.pdf\/\" target=\"\">mcu 2008<\/a><\/p>\n<\/li>\n<\/ul>\n<\/div>\n<hr \/>\n<div class=\"sqs-html-content\" data-sqsp-text-block-content>\n<h2 style=\"white-space:pre-wrap;\">\/ FESTIVALS<\/h2>\n<ul data-rte-list=\"default\">\n<li>\n<p class=\"\" style=\"white-space:pre-wrap;\">XXIII Festival de Cine Latino de Trieste, Italy, nov. 2008<\/p>\n<\/li>\n<li>\n<p class=\"\" style=\"white-space:pre-wrap;\">I Festival de Cine de Tarapac\u00e1, Chile, march. 2009<\/p>\n<\/li>\n<li>\n<p class=\"\" style=\"white-space:pre-wrap;\">VII Festival Internacional del Cine Pobre , Cuba, april 2009<\/p>\n<\/li>\n<li>\n<p class=\"\" style=\"white-space:pre-wrap;\">XVI Fest. Iberoamericano CINESUL, Brasil, jun. 2009<\/p>\n<\/li>\n<li>\n<p class=\"\" style=\"white-space:pre-wrap;\"><strong>XVIII Festival de Cine de Madrid &#8211; PNR, sept. 2009  (at Cine Estudio Bellas Artes)<\/strong><\/p>\n<\/li>\n<li>\n<p class=\"\" style=\"white-space:pre-wrap;\">VII Fest. Latino Cine y Video de Buenos Aires, Argentina, sept. 09<\/p>\n<\/li>\n<li>\n<p class=\"\" style=\"white-space:pre-wrap;\">Fest. Cinemat. Internacional El Ojo Cojo, Madrid, oct. 2009<\/p>\n<\/li>\n<li>\n<p class=\"\" style=\"white-space:pre-wrap;\">Fest. de CINE OTRO, Valpara\u00edso, Chile, jan 2010<\/p>\n<\/li>\n<li>\n<p class=\"\" style=\"white-space:pre-wrap;\">VIII Festival Internacional de Cine Digital, Chile, 26-29 april 2010<\/p>\n<\/li>\n<\/ul>\n<\/div>\n<hr \/>\n<p>      <img decoding=\"async\" src=\"https:\/\/images.squarespace-cdn.com\/content\/v1\/5c238bbaf93fd45c7ceada8c\/1549136799152-9Q4D1683M2LIUW552XJE\/Anton+Azotea.jpg?format=original\" alt=\"\"\/><\/p>\n<hr \/>","protected":false},"excerpt":{"rendered":"<p>\/ NEWS &#8220;Instructions for a new life&#8221; was showed on cable TV&nbsp;by&nbsp;Ocean New Media&nbsp;TV&nbsp;at USA.CANADA and LATIN AMERICA along 2013-2017.Solomiren [&hellip;]<\/p>\n","protected":false},"author":1,"featured_media":0,"parent":0,"menu_order":0,"comment_status":"closed","ping_status":"closed","template":"","meta":{"_seopress_robots_primary_cat":"","_seopress_titles_title":"","_seopress_titles_desc":"","_seopress_robots_index":"","_uag_custom_page_level_css":"","site-sidebar-layout":"default","site-content-layout":"","ast-site-content-layout":"default","site-content-style":"default","site-sidebar-style":"default","ast-global-header-display":"","ast-banner-title-visibility":"","ast-main-header-display":"","ast-hfb-above-header-display":"","ast-hfb-below-header-display":"","ast-hfb-mobile-header-display":"","site-post-title":"","ast-breadcrumbs-content":"","ast-featured-img":"","footer-sml-layout":"","ast-disable-related-posts":"","theme-transparent-header-meta":"","adv-header-id-meta":"","stick-header-meta":"","header-above-stick-meta":"","header-main-stick-meta":"","header-below-stick-meta":"","astra-migrate-meta-layouts":"default","ast-page-background-enabled":"default","ast-page-background-meta":{"desktop":{"background-color":"","background-image":"","background-repeat":"repeat","background-position":"center center","background-size":"auto","background-attachment":"scroll","background-type":"","background-media":"","overlay-type":"","overlay-color":"","overlay-opacity":"","overlay-gradient":""},"tablet":{"background-color":"","background-image":"","background-repeat":"repeat","background-position":"center center","background-size":"auto","background-attachment":"scroll","background-type":"","background-media":"","overlay-type":"","overlay-color":"","overlay-opacity":"","overlay-gradient":""},"mobile":{"background-color":"","background-image":"","background-repeat":"repeat","background-position":"center center","background-size":"auto","background-attachment":"scroll","background-type":"","background-media":"","overlay-type":"","overlay-color":"","overlay-opacity":"","overlay-gradient":""}},"ast-content-background-meta":{"desktop":{"background-color":"var(--ast-global-color-5)","background-image":"","background-repeat":"repeat","background-position":"center center","background-size":"auto","background-attachment":"scroll","background-type":"","background-media":"","overlay-type":"","overlay-color":"","overlay-opacity":"","overlay-gradient":""},"tablet":{"background-color":"var(--ast-global-color-5)","background-image":"","background-repeat":"repeat","background-position":"center center","background-size":"auto","background-attachment":"scroll","background-type":"","background-media":"","overlay-type":"","overlay-color":"","overlay-opacity":"","overlay-gradient":""},"mobile":{"background-color":"var(--ast-global-color-5)","background-image":"","background-repeat":"repeat","background-position":"center center","background-size":"auto","background-attachment":"scroll","background-type":"","background-media":"","overlay-type":"","overlay-color":"","overlay-opacity":"","overlay-gradient":""}},"footnotes":""},"class_list":["post-151","page","type-page","status-publish","hentry"],"_hostinger_reach_plugin_has_subscription_block":false,"_hostinger_reach_plugin_is_elementor":false,"uagb_featured_image_src":{"full":false,"thumbnail":false,"medium":false,"medium_large":false,"large":false,"1536x1536":false,"2048x2048":false,"trp-custom-language-flag":false},"uagb_author_info":{"display_name":"jordal","author_link":"https:\/\/jordalefou.com\/es\/author\/jordalefougmail-com\/"},"uagb_comment_info":0,"uagb_excerpt":"\/ NEWS &#8220;Instructions for a new life&#8221; was showed on cable TV&nbsp;by&nbsp;Ocean New Media&nbsp;TV&nbsp;at USA.CANADA and LATIN AMERICA along 2013-2017.Solomiren [&hellip;]","_links":{"self":[{"href":"https:\/\/jordalefou.com\/es\/wp-json\/wp\/v2\/pages\/151","targetHints":{"allow":["GET"]}}],"collection":[{"href":"https:\/\/jordalefou.com\/es\/wp-json\/wp\/v2\/pages"}],"about":[{"href":"https:\/\/jordalefou.com\/es\/wp-json\/wp\/v2\/types\/page"}],"author":[{"embeddable":true,"href":"https:\/\/jordalefou.com\/es\/wp-json\/wp\/v2\/users\/1"}],"replies":[{"embeddable":true,"href":"https:\/\/jordalefou.com\/es\/wp-json\/wp\/v2\/comments?post=151"}],"version-history":[{"count":2,"href":"https:\/\/jordalefou.com\/es\/wp-json\/wp\/v2\/pages\/151\/revisions"}],"predecessor-version":[{"id":3810,"href":"https:\/\/jordalefou.com\/es\/wp-json\/wp\/v2\/pages\/151\/revisions\/3810"}],"wp:attachment":[{"href":"https:\/\/jordalefou.com\/es\/wp-json\/wp\/v2\/media?parent=151"}],"curies":[{"name":"wp","href":"https:\/\/api.w.org\/{rel}","templated":true}]}}