{"id":2802,"date":"2026-01-05T12:24:30","date_gmt":"2026-01-05T12:24:30","guid":{"rendered":"https:\/\/orchid-panther-716643.hostingersite.com\/en-films-directed\/"},"modified":"2026-03-13T18:09:23","modified_gmt":"2026-03-13T18:09:23","slug":"films-directed","status":"publish","type":"page","link":"https:\/\/jordalefou.com\/es\/films-directed\/","title":{"rendered":"\/ Films as director"},"content":{"rendered":"<hr class=\"wp-block-separator has-text-color has-luminous-vivid-amber-color has-alpha-channel-opacity has-luminous-vivid-amber-background-color has-background is-style-wide\" style=\"margin-top:var(--wp--preset--spacing--50);margin-bottom:var(--wp--preset--spacing--50)\"\/>\n\n\n\n<div class=\"wp-block-columns is-layout-flex wp-container-core-columns-is-layout-28f84493 wp-block-columns-is-layout-flex\">\n<div class=\"wp-block-column is-layout-flow wp-block-column-is-layout-flow\" style=\"flex-basis:100%\">\n<div class=\"wp-block-uagb-container uagb-block-9efbccca alignfull uagb-is-root-container\"><div class=\"uagb-container-inner-blocks-wrap\">\n<div class=\"wp-block-group has-background is-layout-grid wp-container-core-group-is-layout-b6e85617 wp-block-group-is-layout-grid\" style=\"background-color:#effdff;margin-top:0;margin-bottom:0;padding-top:var(--wp--preset--spacing--50);padding-right:var(--wp--preset--spacing--50);padding-bottom:var(--wp--preset--spacing--50);padding-left:var(--wp--preset--spacing--50)\">\n<figure class=\"wp-block-image\"><a href=\"\/es\/en\/instructions-for-a-new-life\/\"><img decoding=\"async\" src=\"https:\/\/images.squarespace-cdn.com\/content\/v1\/5c238bbaf93fd45c7ceada8c\/1589048358770-ONWZKVX8UJANTYCRC0GB\/Banner_Film_INS.jpg?format=original\" alt=\"\"\/><\/a><\/figure>\n\n\n\n<div class=\"wp-block-uagb-info-box uagb-block-8ec80f40 uagb-infobox__content-wrap  uagb-infobox-icon-above-title uagb-infobox-image-valign-top\"><div class=\"uagb-ifb-content\"><div class=\"uagb-ifb-icon-wrap\"><svg xmlns=\"https:\/\/www.w3.org\/2000\/svg\" viewbox=\"0 0 384 512\"><path d=\"M192 384c-8.188 0-16.38-3.125-22.62-9.375l-160-160c-12.5-12.5-12.5-32.75 0-45.25s32.75-12.5 45.25 0L192 306.8l137.4-137.4c12.5-12.5 32.75-12.5 45.25 0s12.5 32.75 0 45.25l-160 160C208.4 380.9 200.2 384 192 384z\"><\/path><\/svg><\/div><div class=\"uagb-ifb-title-wrap\"><h3 class=\"uagb-ifb-title\"><a href=\"https:\/\/jordalefou.com\/es\/en\/instructions-for-a-new-life\/\">Instrucciones para una nueva vida<\/a><\/h3><\/div><p class=\"uagb-ifb-desc\"><br><strong>Largometraje<\/strong> (2008)<br>Duraci\u00f3n : 90 min<br>G\u00e9nero :  Independiente<br>Pa\u00eds : Espa\u00f1a<br>Idioma original : Espa\u00f1ol<br>Subt\u00edtulos : Ingl\u00e9s - Espa\u00f1ol - Portugu\u00e9s<\/p><\/div><\/div>\n\n\n\n<figure class=\"wp-block-image has-custom-border is-style-default\" style=\"margin-top:0;margin-right:0;margin-bottom:0;margin-left:0\"><a href=\"\/es\/vod-ins\/\" target=\"_blank\" rel=\" noreferrer noopener\"><img decoding=\"async\" src=\"https:\/\/images.squarespace-cdn.com\/content\/v1\/5c238bbaf93fd45c7ceada8c\/1593336932345-VBL0W0JPNDTS9US2PULS\/watch?format=original\" alt=\"\" style=\"border-width:30px\"\/><\/a><\/figure>\n<\/div>\n\n\n\n<div class=\"wp-block-group has-background is-layout-grid wp-container-core-group-is-layout-4ad6ad5b wp-block-group-is-layout-grid\" style=\"background-color:#effdff;padding-top:var(--wp--preset--spacing--50);padding-right:var(--wp--preset--spacing--50);padding-bottom:var(--wp--preset--spacing--50);padding-left:var(--wp--preset--spacing--50)\">\n<figure class=\"wp-block-image\"><a href=\"\/es\/en\/oncidium-bifolium\/\"><img decoding=\"async\" src=\"https:\/\/images.squarespace-cdn.com\/content\/v1\/5c238bbaf93fd45c7ceada8c\/1589048465094-LX2QQ3LXKR2HUUXJ3V16\/Banner_Film_ONC.jpg?format=original\" alt=\"\"\/><\/a><\/figure>\n\n\n\n<div class=\"wp-block-uagb-info-box uagb-block-c97ed583 uagb-infobox__content-wrap  uagb-infobox-icon-above-title uagb-infobox-image-valign-top\"><div class=\"uagb-ifb-content\"><div class=\"uagb-ifb-icon-wrap\"><svg xmlns=\"https:\/\/www.w3.org\/2000\/svg\" viewbox=\"0 0 384 512\"><path d=\"M192 384c-8.188 0-16.38-3.125-22.62-9.375l-160-160c-12.5-12.5-12.5-32.75 0-45.25s32.75-12.5 45.25 0L192 306.8l137.4-137.4c12.5-12.5 32.75-12.5 45.25 0s12.5 32.75 0 45.25l-160 160C208.4 380.9 200.2 384 192 384z\"><\/path><\/svg><\/div><div class=\"uagb-ifb-title-wrap\"><h3 class=\"uagb-ifb-title\"><a href=\"https:\/\/jordalefou.com\/es\/en-oncidium-bifolium\/\" data-type=\"page\" data-id=\"91\">Oncidium Bifollium<\/a><\/h3><\/div><p class=\"uagb-ifb-desc\"><br><strong>Cortometraje<\/strong> (2020 remasterizado, realizado en 2010)<br>Duraci\u00f3n : 20 min<br>G\u00e9nero : Comedia negra<br>Pa\u00eds : Espa\u00f1a<br>Idioma original : Espa\u00f1ol<br>Subt\u00edtulos : Ingl\u00e9s - Espa\u00f1ol<\/p><\/div><\/div>\n\n\n\n<figure class=\"wp-block-image has-custom-border is-style-default\" style=\"margin-top:0;margin-right:0;margin-bottom:0;margin-left:0\"><a href=\"\/es\/vod-oncidium\/\" target=\"_blank\" rel=\" noreferrer noopener\"><img decoding=\"async\" src=\"https:\/\/images.squarespace-cdn.com\/content\/v1\/5c238bbaf93fd45c7ceada8c\/1593336932345-VBL0W0JPNDTS9US2PULS\/watch?format=original\" alt=\"\" style=\"border-width:30px\"\/><\/a><\/figure>\n<\/div>\n\n\n\n<div class=\"wp-block-group has-background is-layout-grid wp-container-core-group-is-layout-4ad6ad5b wp-block-group-is-layout-grid\" style=\"background-color:#f5eded;padding-top:var(--wp--preset--spacing--50);padding-right:var(--wp--preset--spacing--50);padding-bottom:var(--wp--preset--spacing--50);padding-left:var(--wp--preset--spacing--50)\">\n<figure class=\"wp-block-image\"><a href=\"\/es\/cincominutos\/\"><img decoding=\"async\" src=\"https:\/\/images.squarespace-cdn.com\/content\/v1\/5c238bbaf93fd45c7ceada8c\/1593335934850-6ZW46BSTFH11BQHSHFTX\/Banner_Film_LIFE.jpg?format=original\" alt=\"\"\/><\/a><\/figure>\n\n\n\n<div class=\"wp-block-uagb-info-box uagb-block-1d47f0a4 uagb-infobox__content-wrap  uagb-infobox-icon-above-title uagb-infobox-image-valign-top\"><div class=\"uagb-ifb-content\"><div class=\"uagb-ifb-icon-wrap\"><svg xmlns=\"https:\/\/www.w3.org\/2000\/svg\" viewbox=\"0 0 384 512\"><path d=\"M192 384c-8.188 0-16.38-3.125-22.62-9.375l-160-160c-12.5-12.5-12.5-32.75 0-45.25s32.75-12.5 45.25 0L192 306.8l137.4-137.4c12.5-12.5 32.75-12.5 45.25 0s12.5 32.75 0 45.25l-160 160C208.4 380.9 200.2 384 192 384z\"><\/path><\/svg><\/div><div class=\"uagb-ifb-title-wrap\"><h3 class=\"uagb-ifb-title\">La vida 5 minutos mas tarde<\/h3><\/div><p class=\"uagb-ifb-desc\"><br><strong>Cortometraje<\/strong> (2003)<br>Duraci\u00f3n : 3 min<br>G\u00e9nero: Naif (<strong>Animaci\u00f3n 2d<\/strong>)<br>Pa\u00eds : Espa\u00f1a<br>Idioma original : Espa\u00f1ol<br>Subt\u00edtulos: No<\/p><\/div><\/div>\n\n\n\n<figure class=\"wp-block-image has-custom-border is-style-default\" style=\"margin-top:0;margin-right:0;margin-bottom:0;margin-left:0\"><a href=\"\/es\/vod-life\/\" target=\"_blank\" rel=\" noreferrer noopener\"><img decoding=\"async\" src=\"https:\/\/images.squarespace-cdn.com\/content\/v1\/5c238bbaf93fd45c7ceada8c\/1593336932345-VBL0W0JPNDTS9US2PULS\/watch?format=original\" alt=\"\" style=\"border-width:30px\"\/><\/a><\/figure>\n<\/div>\n\n\n\n<div class=\"wp-block-group has-background is-layout-grid wp-container-core-group-is-layout-4ad6ad5b wp-block-group-is-layout-grid\" style=\"background-color:#f5eded;padding-top:var(--wp--preset--spacing--50);padding-right:var(--wp--preset--spacing--50);padding-bottom:var(--wp--preset--spacing--50);padding-left:var(--wp--preset--spacing--50)\">\n<figure class=\"wp-block-image\"><img decoding=\"async\" src=\"https:\/\/images.squarespace-cdn.com\/content\/v1\/5c238bbaf93fd45c7ceada8c\/1735159927364-GX5K961DHT8POALMWNBQ\/Poster_hurty_crop_25%25_2024.jpg?format=original\" alt=\"\"\/><\/figure>\n\n\n\n<div class=\"wp-block-uagb-info-box uagb-block-cf9ea3d5 uagb-infobox__content-wrap  uagb-infobox-icon-above-title uagb-infobox-image-valign-top\"><div class=\"uagb-ifb-content\"><div class=\"uagb-ifb-icon-wrap\"><svg xmlns=\"https:\/\/www.w3.org\/2000\/svg\" viewbox=\"0 0 384 512\"><path d=\"M192 384c-8.188 0-16.38-3.125-22.62-9.375l-160-160c-12.5-12.5-12.5-32.75 0-45.25s32.75-12.5 45.25 0L192 306.8l137.4-137.4c12.5-12.5 32.75-12.5 45.25 0s12.5 32.75 0 45.25l-160 160C208.4 380.9 200.2 384 192 384z\"><\/path><\/svg><\/div><div class=\"uagb-ifb-title-wrap\"><h3 class=\"uagb-ifb-title\"><a href=\"https:\/\/jordalefou.com\/es\/en-oncidium-bifolium\/\" data-type=\"page\" data-id=\"91\"><\/a><a href=\"https:\/\/hurtyworld.com\/cinema\/\" target=\"_blank\" rel=\"noreferrer noopener\">Hurty<\/a><\/h3><\/div><p class=\"uagb-ifb-desc\"><br><strong>Cortometraje<\/strong> (2024)<br>Duraci\u00f3n : 7 min<br>G\u00e9nero : B (<strong>Animaci\u00f3n 3d<\/strong>)<br>Pa\u00eds : Espa\u00f1a<br>Idioma original : Mudo<br>Subt\u00edtulos: No<\/p><\/div><\/div>\n\n\n\n<figure class=\"wp-block-image has-custom-border is-style-default\" style=\"margin-top:0;margin-right:0;margin-bottom:0;margin-left:0\"><a href=\"https:\/\/hurtyworld.com\/courses-archive-1\/hurty\/\" target=\"_blank\" rel=\" noreferrer noopener\"><img decoding=\"async\" src=\"https:\/\/images.squarespace-cdn.com\/content\/v1\/5c238bbaf93fd45c7ceada8c\/1593336932345-VBL0W0JPNDTS9US2PULS\/watch?format=original\" alt=\"\" style=\"border-width:30px\"\/><\/a><\/figure>\n<\/div>\n<\/div><\/div>\n<\/div>\n<\/div>\n\n\n\n<hr class=\"wp-block-separator has-text-color has-ast-global-color-0-color has-alpha-channel-opacity has-ast-global-color-0-background-color has-background is-style-wide\" style=\"margin-top:var(--wp--preset--spacing--50);margin-bottom:var(--wp--preset--spacing--50)\"\/>","protected":false},"excerpt":{"rendered":"","protected":false},"author":1,"featured_media":0,"parent":0,"menu_order":0,"comment_status":"closed","ping_status":"closed","template":"","meta":{"_seopress_robots_primary_cat":"","_seopress_titles_title":"","_seopress_titles_desc":"","_seopress_robots_index":"","_uag_custom_page_level_css":"","site-sidebar-layout":"default","site-content-layout":"","ast-site-content-layout":"default","site-content-style":"default","site-sidebar-style":"default","ast-global-header-display":"","ast-banner-title-visibility":"","ast-main-header-display":"","ast-hfb-above-header-display":"","ast-hfb-below-header-display":"","ast-hfb-mobile-header-display":"","site-post-title":"","ast-breadcrumbs-content":"","ast-featured-img":"","footer-sml-layout":"","ast-disable-related-posts":"","theme-transparent-header-meta":"","adv-header-id-meta":"","stick-header-meta":"","header-above-stick-meta":"","header-main-stick-meta":"","header-below-stick-meta":"","astra-migrate-meta-layouts":"set","ast-page-background-enabled":"default","ast-page-background-meta":{"desktop":{"background-color":"","background-image":"","background-repeat":"repeat","background-position":"center center","background-size":"auto","background-attachment":"scroll","background-type":"","background-media":"","overlay-type":"","overlay-color":"","overlay-opacity":"","overlay-gradient":""},"tablet":{"background-color":"","background-image":"","background-repeat":"repeat","background-position":"center center","background-size":"auto","background-attachment":"scroll","background-type":"","background-media":"","overlay-type":"","overlay-color":"","overlay-opacity":"","overlay-gradient":""},"mobile":{"background-color":"","background-image":"","background-repeat":"repeat","background-position":"center center","background-size":"auto","background-attachment":"scroll","background-type":"","background-media":"","overlay-type":"","overlay-color":"","overlay-opacity":"","overlay-gradient":""}},"ast-content-background-meta":{"desktop":{"background-color":"var(--ast-global-color-5)","background-image":"","background-repeat":"repeat","background-position":"center center","background-size":"auto","background-attachment":"scroll","background-type":"","background-media":"","overlay-type":"","overlay-color":"","overlay-opacity":"","overlay-gradient":""},"tablet":{"background-color":"var(--ast-global-color-5)","background-image":"","background-repeat":"repeat","background-position":"center center","background-size":"auto","background-attachment":"scroll","background-type":"","background-media":"","overlay-type":"","overlay-color":"","overlay-opacity":"","overlay-gradient":""},"mobile":{"background-color":"var(--ast-global-color-5)","background-image":"","background-repeat":"repeat","background-position":"center center","background-size":"auto","background-attachment":"scroll","background-type":"","background-media":"","overlay-type":"","overlay-color":"","overlay-opacity":"","overlay-gradient":""}},"footnotes":""},"class_list":["post-2802","page","type-page","status-publish","hentry"],"_hostinger_reach_plugin_has_subscription_block":false,"_hostinger_reach_plugin_is_elementor":false,"uagb_featured_image_src":{"full":false,"thumbnail":false,"medium":false,"medium_large":false,"large":false,"1536x1536":false,"2048x2048":false,"trp-custom-language-flag":false},"uagb_author_info":{"display_name":"jordal","author_link":"https:\/\/jordalefou.com\/es\/author\/jordalefougmail-com\/"},"uagb_comment_info":0,"uagb_excerpt":null,"_links":{"self":[{"href":"https:\/\/jordalefou.com\/es\/wp-json\/wp\/v2\/pages\/2802","targetHints":{"allow":["GET"]}}],"collection":[{"href":"https:\/\/jordalefou.com\/es\/wp-json\/wp\/v2\/pages"}],"about":[{"href":"https:\/\/jordalefou.com\/es\/wp-json\/wp\/v2\/types\/page"}],"author":[{"embeddable":true,"href":"https:\/\/jordalefou.com\/es\/wp-json\/wp\/v2\/users\/1"}],"replies":[{"embeddable":true,"href":"https:\/\/jordalefou.com\/es\/wp-json\/wp\/v2\/comments?post=2802"}],"version-history":[{"count":8,"href":"https:\/\/jordalefou.com\/es\/wp-json\/wp\/v2\/pages\/2802\/revisions"}],"predecessor-version":[{"id":3972,"href":"https:\/\/jordalefou.com\/es\/wp-json\/wp\/v2\/pages\/2802\/revisions\/3972"}],"wp:attachment":[{"href":"https:\/\/jordalefou.com\/es\/wp-json\/wp\/v2\/media?parent=2802"}],"curies":[{"name":"wp","href":"https:\/\/api.w.org\/{rel}","templated":true}]}}