{"id":3960,"date":"2026-03-13T17:59:53","date_gmt":"2026-03-13T17:59:53","guid":{"rendered":"https:\/\/jordalefou.com\/?page_id=3960"},"modified":"2026-03-13T18:01:47","modified_gmt":"2026-03-13T18:01:47","slug":"solomiren","status":"publish","type":"page","link":"https:\/\/jordalefou.com\/es\/solomiren\/","title":{"rendered":"solomiren"},"content":{"rendered":"<hr class=\"wp-block-separator has-text-color has-pale-pink-color has-alpha-channel-opacity has-pale-pink-background-color has-background is-style-wide\" style=\"margin-top:var(--wp--preset--spacing--50);margin-bottom:var(--wp--preset--spacing--50)\"\/>\n\n\n\n<p><em>Solomiren was an indie production company formed to produce \u201cInstructions for a new life\u201d feature in 2008.<br><br>Here you can find info about the movie and a press area. <a href=\"mailto:web@jordalefou.com\" data-type=\"mailto\" data-id=\"mailto:web@jordalefou.com\">Feel free to contact <\/a>if you need additional info.<\/em><\/p>\n\n\n\n<div class=\"wp-block-group is-layout-grid wp-container-core-group-is-layout-e2bd5cb0 wp-block-group-is-layout-grid\">\n<div class=\"wp-block-uagb-image aligncenter uagb-block-2c5279c1 wp-block-uagb-image--layout-default wp-block-uagb-image--effect-static wp-block-uagb-image--align-center\"><figure class=\"wp-block-uagb-image__figure\"><img decoding=\"async\" srcset=\"https:\/\/jordalefou.com\/wp-content\/uploads\/2026\/02\/solomiren-300x170.webp ,https:\/\/jordalefou.com\/wp-content\/uploads\/2026\/02\/solomiren.webp 780w, https:\/\/jordalefou.com\/wp-content\/uploads\/2026\/02\/solomiren.webp 360w\" sizes=\"auto, (max-width: 480px) 150px\" src=\"https:\/\/jordalefou.com\/wp-content\/uploads\/2026\/02\/solomiren-300x170.webp\" alt=\"\" class=\"uag-image-3803\" width=\"300\" height=\"170\" title=\"solomiren\" loading=\"lazy\" role=\"img\"\/><\/figure><\/div>\n<\/div>\n\n\n\n<hr class=\"wp-block-separator has-text-color has-pale-pink-color has-alpha-channel-opacity has-pale-pink-background-color has-background is-style-wide\" style=\"margin-top:var(--wp--preset--spacing--50);margin-bottom:var(--wp--preset--spacing--50)\"\/>\n\n\n\n<div class=\"wp-block-group has-background is-layout-grid wp-container-core-group-is-layout-b6e85617 wp-block-group-is-layout-grid\" style=\"background-color:#effdff;margin-top:0;margin-bottom:0;padding-top:var(--wp--preset--spacing--50);padding-right:var(--wp--preset--spacing--50);padding-bottom:var(--wp--preset--spacing--50);padding-left:var(--wp--preset--spacing--50)\">\n<figure class=\"wp-block-image\"><a href=\"\/es\/en\/instructions-for-a-new-life\/\"><img decoding=\"async\" src=\"https:\/\/images.squarespace-cdn.com\/content\/v1\/5c238bbaf93fd45c7ceada8c\/1589048358770-ONWZKVX8UJANTYCRC0GB\/Banner_Film_INS.jpg?format=original\" alt=\"\"\/><\/a><\/figure>\n\n\n\n<div class=\"wp-block-uagb-info-box uagb-block-8ec80f40 uagb-infobox__content-wrap  uagb-infobox-icon-above-title uagb-infobox-image-valign-top\"><div class=\"uagb-ifb-content\"><div class=\"uagb-ifb-icon-wrap\"><svg xmlns=\"https:\/\/www.w3.org\/2000\/svg\" viewbox=\"0 0 384 512\"><path d=\"M192 384c-8.188 0-16.38-3.125-22.62-9.375l-160-160c-12.5-12.5-12.5-32.75 0-45.25s32.75-12.5 45.25 0L192 306.8l137.4-137.4c12.5-12.5 32.75-12.5 45.25 0s12.5 32.75 0 45.25l-160 160C208.4 380.9 200.2 384 192 384z\"><\/path><\/svg><\/div><div class=\"uagb-ifb-title-wrap\"><h3 class=\"uagb-ifb-title\"><a href=\"https:\/\/jordalefou.com\/es\/en\/instructions-for-a-new-life\/\">Instrucciones para una nueva vida<\/a><\/h3><\/div><p class=\"uagb-ifb-desc\"><br><strong>Largometraje<\/strong> (2008)<br>Duraci\u00f3n : 90 min<br>G\u00e9nero :  Independiente<br>Pa\u00eds : Espa\u00f1a<br>Idioma original : Espa\u00f1ol<br>Subt\u00edtulos : Ingl\u00e9s - Espa\u00f1ol - Portugu\u00e9s<\/p><\/div><\/div>\n\n\n\n<figure class=\"wp-block-image has-custom-border is-style-default\" style=\"margin-top:0;margin-right:0;margin-bottom:0;margin-left:0\"><a href=\"\/es\/vod-ins\/\" target=\"_blank\" rel=\" noreferrer noopener\"><img decoding=\"async\" src=\"https:\/\/images.squarespace-cdn.com\/content\/v1\/5c238bbaf93fd45c7ceada8c\/1593336932345-VBL0W0JPNDTS9US2PULS\/watch?format=original\" alt=\"\" style=\"border-width:30px\"\/><\/a><\/figure>\n<\/div>","protected":false},"excerpt":{"rendered":"<p>Solomiren was an indie production company formed to produce \u201cInstructions for a new life\u201d feature in 2008. Here you can [&hellip;]<\/p>\n","protected":false},"author":1,"featured_media":0,"parent":0,"menu_order":0,"comment_status":"closed","ping_status":"closed","template":"","meta":{"_seopress_robots_primary_cat":"","_seopress_titles_title":"","_seopress_titles_desc":"","_seopress_robots_index":"","_uag_custom_page_level_css":"","site-sidebar-layout":"default","site-content-layout":"","ast-site-content-layout":"default","site-content-style":"default","site-sidebar-style":"default","ast-global-header-display":"","ast-banner-title-visibility":"","ast-main-header-display":"","ast-hfb-above-header-display":"","ast-hfb-below-header-display":"","ast-hfb-mobile-header-display":"","site-post-title":"","ast-breadcrumbs-content":"","ast-featured-img":"","footer-sml-layout":"","ast-disable-related-posts":"","theme-transparent-header-meta":"","adv-header-id-meta":"","stick-header-meta":"","header-above-stick-meta":"","header-main-stick-meta":"","header-below-stick-meta":"","astra-migrate-meta-layouts":"set","ast-page-background-enabled":"default","ast-page-background-meta":{"desktop":{"background-color":"","background-image":"","background-repeat":"repeat","background-position":"center center","background-size":"auto","background-attachment":"scroll","background-type":"","background-media":"","overlay-type":"","overlay-color":"","overlay-opacity":"","overlay-gradient":""},"tablet":{"background-color":"","background-image":"","background-repeat":"repeat","background-position":"center center","background-size":"auto","background-attachment":"scroll","background-type":"","background-media":"","overlay-type":"","overlay-color":"","overlay-opacity":"","overlay-gradient":""},"mobile":{"background-color":"","background-image":"","background-repeat":"repeat","background-position":"center center","background-size":"auto","background-attachment":"scroll","background-type":"","background-media":"","overlay-type":"","overlay-color":"","overlay-opacity":"","overlay-gradient":""}},"ast-content-background-meta":{"desktop":{"background-color":"var(--ast-global-color-5)","background-image":"","background-repeat":"repeat","background-position":"center center","background-size":"auto","background-attachment":"scroll","background-type":"","background-media":"","overlay-type":"","overlay-color":"","overlay-opacity":"","overlay-gradient":""},"tablet":{"background-color":"var(--ast-global-color-5)","background-image":"","background-repeat":"repeat","background-position":"center center","background-size":"auto","background-attachment":"scroll","background-type":"","background-media":"","overlay-type":"","overlay-color":"","overlay-opacity":"","overlay-gradient":""},"mobile":{"background-color":"var(--ast-global-color-5)","background-image":"","background-repeat":"repeat","background-position":"center center","background-size":"auto","background-attachment":"scroll","background-type":"","background-media":"","overlay-type":"","overlay-color":"","overlay-opacity":"","overlay-gradient":""}},"footnotes":""},"class_list":["post-3960","page","type-page","status-publish","hentry"],"_hostinger_reach_plugin_has_subscription_block":false,"_hostinger_reach_plugin_is_elementor":false,"uagb_featured_image_src":{"full":false,"thumbnail":false,"medium":false,"medium_large":false,"large":false,"1536x1536":false,"2048x2048":false,"trp-custom-language-flag":false},"uagb_author_info":{"display_name":"jordal","author_link":"https:\/\/jordalefou.com\/es\/author\/jordalefougmail-com\/"},"uagb_comment_info":0,"uagb_excerpt":"Solomiren was an indie production company formed to produce \u201cInstructions for a new life\u201d feature in 2008. Here you can [&hellip;]","_links":{"self":[{"href":"https:\/\/jordalefou.com\/es\/wp-json\/wp\/v2\/pages\/3960","targetHints":{"allow":["GET"]}}],"collection":[{"href":"https:\/\/jordalefou.com\/es\/wp-json\/wp\/v2\/pages"}],"about":[{"href":"https:\/\/jordalefou.com\/es\/wp-json\/wp\/v2\/types\/page"}],"author":[{"embeddable":true,"href":"https:\/\/jordalefou.com\/es\/wp-json\/wp\/v2\/users\/1"}],"replies":[{"embeddable":true,"href":"https:\/\/jordalefou.com\/es\/wp-json\/wp\/v2\/comments?post=3960"}],"version-history":[{"count":2,"href":"https:\/\/jordalefou.com\/es\/wp-json\/wp\/v2\/pages\/3960\/revisions"}],"predecessor-version":[{"id":3968,"href":"https:\/\/jordalefou.com\/es\/wp-json\/wp\/v2\/pages\/3960\/revisions\/3968"}],"wp:attachment":[{"href":"https:\/\/jordalefou.com\/es\/wp-json\/wp\/v2\/media?parent=3960"}],"curies":[{"name":"wp","href":"https:\/\/api.w.org\/{rel}","templated":true}]}}