{"id":62,"date":"2026-01-05T12:24:26","date_gmt":"2026-01-05T12:24:26","guid":{"rendered":"https:\/\/orchid-panther-716643.hostingersite.com\/en-bio\/"},"modified":"2026-03-26T21:01:43","modified_gmt":"2026-03-26T21:01:43","slug":"bio","status":"publish","type":"page","link":"https:\/\/jordalefou.com\/es\/bio\/","title":{"rendered":"\/\/ Biograf\u00eda"},"content":{"rendered":"<hr class=\"wp-block-separator has-text-color has-luminous-vivid-orange-color has-alpha-channel-opacity has-luminous-vivid-orange-background-color has-background is-style-wide\" style=\"margin-top:var(--wp--preset--spacing--50);margin-bottom:var(--wp--preset--spacing--50)\"\/>\n\n\n\n<div class=\"wp-block-uagb-container uagb-block-2f12e7c9 alignfull uagb-is-root-container\"><div class=\"uagb-container-inner-blocks-wrap\">\n<div class=\"wp-block-uagb-container uagb-block-4b816ed2\">\n<figure class=\"wp-block-image size-large has-custom-border\" style=\"margin-top:var(--wp--preset--spacing--60);margin-right:0;margin-bottom:var(--wp--preset--spacing--60);margin-left:0\"><img alt=\"\" loading=\"lazy\" decoding=\"async\" width=\"1024\" height=\"768\" src=\"https:\/\/jordalefou.com\/wp-content\/uploads\/2026\/02\/jordal_IMG-20241211-WA0007_-BN-1024x768.jpg\" class=\"wp-image-3769\" style=\"border-top-left-radius:0px;border-top-right-radius:0px;border-bottom-left-radius:0px;border-bottom-right-radius:0px\" srcset=\"https:\/\/jordalefou.com\/wp-content\/uploads\/2026\/02\/jordal_IMG-20241211-WA0007_-BN-1024x768.jpg 1024w, https:\/\/jordalefou.com\/wp-content\/uploads\/2026\/02\/jordal_IMG-20241211-WA0007_-BN-300x225.jpg 300w, https:\/\/jordalefou.com\/wp-content\/uploads\/2026\/02\/jordal_IMG-20241211-WA0007_-BN-768x576.jpg 768w, https:\/\/jordalefou.com\/wp-content\/uploads\/2026\/02\/jordal_IMG-20241211-WA0007_-BN-1536x1152.jpg 1536w, https:\/\/jordalefou.com\/wp-content\/uploads\/2026\/02\/jordal_IMG-20241211-WA0007_-BN-2048x1536.jpg 2048w, https:\/\/jordalefou.com\/wp-content\/uploads\/2026\/02\/jordal_IMG-20241211-WA0007_-BN-16x12.jpg 16w\" sizes=\"auto, (max-width: 1024px) 100vw, 1024px\" \/><\/figure>\n<\/div>\n\n\n\n<div class=\"wp-block-uagb-container uagb-block-498124c4\">\n<figure class=\"wp-block-image size-full is-resized has-custom-border\"><img alt=\"\" loading=\"lazy\" decoding=\"async\" width=\"750\" height=\"750\" src=\"https:\/\/jordalefou.com\/wp-content\/uploads\/2026\/01\/dedo2013.jpg\" class=\"wp-image-2818\" style=\"border-top-left-radius:0px;border-top-right-radius:0px;border-bottom-left-radius:0px;border-bottom-right-radius:0px;width:300px;height:auto\" srcset=\"https:\/\/jordalefou.com\/wp-content\/uploads\/2026\/01\/dedo2013.jpg 750w, https:\/\/jordalefou.com\/wp-content\/uploads\/2026\/01\/dedo2013-300x300.jpg 300w, https:\/\/jordalefou.com\/wp-content\/uploads\/2026\/01\/dedo2013-150x150.jpg 150w, https:\/\/jordalefou.com\/wp-content\/uploads\/2026\/01\/dedo2013-12x12.jpg 12w\" sizes=\"auto, (max-width: 750px) 100vw, 750px\" \/><\/figure>\n<\/div>\n\n\n\n<div class=\"wp-block-uagb-container uagb-block-cab08318\">\n<figure class=\"wp-block-image size-full has-custom-border\"><img alt=\"\" loading=\"lazy\" decoding=\"async\" width=\"1944\" height=\"1296\" src=\"https:\/\/jordalefou.com\/wp-content\/uploads\/2026\/03\/10498525_10153015352517785_102973734339210811_o.jpg\" class=\"wp-image-4129\" style=\"border-top-left-radius:0px;border-top-right-radius:0px;border-bottom-left-radius:0px;border-bottom-right-radius:0px;aspect-ratio:1;object-fit:cover\" srcset=\"https:\/\/jordalefou.com\/wp-content\/uploads\/2026\/03\/10498525_10153015352517785_102973734339210811_o.jpg 1944w, https:\/\/jordalefou.com\/wp-content\/uploads\/2026\/03\/10498525_10153015352517785_102973734339210811_o-300x200.jpg 300w, https:\/\/jordalefou.com\/wp-content\/uploads\/2026\/03\/10498525_10153015352517785_102973734339210811_o-1024x683.jpg 1024w, https:\/\/jordalefou.com\/wp-content\/uploads\/2026\/03\/10498525_10153015352517785_102973734339210811_o-768x512.jpg 768w, https:\/\/jordalefou.com\/wp-content\/uploads\/2026\/03\/10498525_10153015352517785_102973734339210811_o-1536x1024.jpg 1536w, https:\/\/jordalefou.com\/wp-content\/uploads\/2026\/03\/10498525_10153015352517785_102973734339210811_o-18x12.jpg 18w\" sizes=\"auto, (max-width: 1944px) 100vw, 1944px\" \/><\/figure>\n<\/div>\n<\/div><\/div>\n\n\n<p style=\"white-space: pre-wrap;\">Jordal es el pseud\u00f3nimo de Jorge Vidal, <strong>artista multidisciplinar<\/strong> nacido en Madrid, 1977.<\/p>\n<p>Estudi\u00f3 Comunicaci\u00f3n Audiovisual en la Universidad Complutense, participando en grupos de teatro (CITEC) y Bellas Artes. Dirige sus primeros <strong>cortometrajes y dibuja comics<\/strong>.\u00a0<\/p>\n<p>En 1999 inicia su carrera profesional en MOLINARE como auxiliar de producci\u00f3n. En el 2003 ingresa en la <strong>ECAM, Escuela de Cine de Madrid<\/strong> en la especialidad de Dibujos Animados, donde dirige el cortometraje<a href=\"https:\/\/jordalefou.com\/es\/cincominutos\/\" target=\"_blank\" rel=\"noopener\"> \u201c<em>La Vida 5 Minutos Mas Tarde<\/em>\u201d<\/a>.\u00a0<\/p>\n<p>Al mismo tiempo colabora en el Departamento de Gr\u00e1fismo de TELSON (VIA DIGITAL) como dibujante y compositor de Combustion y After Effects, adem\u00e1s de dibujar <strong>storyboards<\/strong> para el largometraje <a href=\"https:\/\/www.imdb.com\/title\/tt0375342\/?ref_=nm_flmg_t_2_ardp\" target=\"_blank\" rel=\"noopener\">&#8220;<em>Horas de Luz\"<\/em><\/a>, producido por SOGECINE.<\/p>\n<p>A partir del 2004 trabaja como <strong>Flame <\/strong>y<strong> Smoke Artist<\/strong>, primero en IMAGEN LINE y posteriormente en MAC MASTER, dentro del mercado publicitario (Garnier y otras marcas).<\/p>\n<p>Entre 2006 y 2009 co-escribe, dirige y produce el <strong>largometraje\u00a0<\/strong><a href=\"\/es\/en\/instructions-for-a-new-life\/\" target=\"_blank\" rel=\"noopener\"><strong><em>\u201c<\/em><\/strong><strong><em>Instrucciones para una nueva vida<\/em><\/strong><strong><em>\u201d<\/em><\/strong><\/a>, fundando para ello la productora SOLOMIREN.<\/p>\n<p style=\"white-space: pre-wrap;\">Del 2012 al 2015 residi\u00f3 en Lima, Per\u00fa, como <strong>Vfx Supervisor <\/strong>en la compa\u00f1\u00eda chilena AT\u00d3MICA, operando Autodesk Flame Premium (comerciales de Yanbal-Unique, Movistar, videoclips y otros formatos).<\/p>\n<p>Desde el 2015 regresa a Europa, colaborando como <strong>Nuke Artist<\/strong> en compa\u00f1\u00edas internacionales de VFX de imagen real como <strong>MPC<\/strong>, U-MEDIA,<strong> El Ranchito, Jellyfish Pictures<\/strong>, y estudios de animaci\u00f3n como <strong>SPA,<\/strong> Core Animation o<strong> Cartoon Saloon<\/strong>.<\/p>\n<blockquote>\n<p style=\"white-space: pre-wrap;\">Ha trabajado como compositor de Vfx en las pel\u00edculas: <a href=\"https:\/\/www.imdb.com\/title\/tt1276419\/?ref_=nm_knf_t_4\" target=\"_blank\" rel=\"noopener\">&#8220;<em>A Royal Affair<\/em>&#8220;<\/a> ( Dinamarca, nominada a los Oscars en 2013) <a href=\"https:\/\/www.imdb.com\/title\/tt3659388\/?ref_=nm_knf_t_1\" target=\"_blank\" rel=\"noopener\">&#8220;<em>The Martian<\/em>&#8220;<\/a> , <a href=\"https:\/\/www.imdb.com\/title\/tt3416532\/?ref_=nm_knf_t_3\" target=\"_blank\" rel=\"noopener\">&#8220;<em>A Monster Calls<\/em>&#8220;<\/a>, <a href=\"https:\/\/www.imdb.com\/title\/tt1790809\/?ref_=nm_knf_t_2\" target=\"_blank\" rel=\"noopener\"><strong><em>\u201cPirates of the Caribbean: Dead Men Tell No Tales\u201c<\/em><\/strong><\/a> , series de TV como: <strong>&#8220;<em>Game of Thrones<\/em>&#8220;<\/strong> (temporada 6), <em>\u201c<\/em><em>Av<\/em><em>atar: The Last Airbender<\/em><em>\u201d<\/em> (temporada 1) o el primer largo de animaci\u00f3n de Netflix: <a href=\"https:\/\/www.imdb.com\/title\/tt4729430\/?ref_=nm_flmg_t_7_vsl\" target=\"_blank\" rel=\"noopener\"><strong><em>\u201cKlaus\u201d<\/em><\/strong><\/a> ( nominado a los Oscars en 2020).<\/p>\n<\/blockquote>\n<p style=\"white-space: pre-wrap;\">Como <strong>trainer y cineasta<\/strong> desarrolla herramientas y flujos de trabajo en paralelo con sus proyectos personales.<\/p>\n<p>Su \u00faltimo proyecto personal ha sido cofinanciado por la Uni\u00f3n Europea (Next Generation EU 2024). Combina cuatro pilares: animaci\u00f3n, docencia, psicolog\u00eda y videojuegos : <a href=\"https:\/\/www.hurtyworld.com\" target=\"_blank\" rel=\"noopener\"><strong>www.hurtyworld.com<\/strong><\/a><strong>.<\/strong><\/p>\n\n\n<div style=\"height:100px\" aria-hidden=\"true\" class=\"wp-block-spacer\"><\/div>\n\n\n\n<div class=\"wp-block-uagb-advanced-heading uagb-block-be92c606\"><h2 class=\"uagb-heading-text\">\/\/ CV<\/h2><\/div>\n\n\n\n<hr class=\"wp-block-separator has-text-color has-luminous-vivid-orange-color has-alpha-channel-opacity has-luminous-vivid-orange-background-color has-background is-style-wide\" style=\"margin-top:var(--wp--preset--spacing--50);margin-bottom:var(--wp--preset--spacing--50)\"\/>\n\n\n\n<!DOCTYPE html>\n<html lang=\"en\">\n<head>\n  <meta charset=\"UTF-8\">\n  <meta name=\"viewport\" content=\"width=device-width, initial-scale=1.0\">\n  <title>Dos Iframes con Tama\u00f1os Diferentes<\/title>\n  <style>\n    \/* Estilo del primer iframe *\/\n    #iframe1 {\n      width: 960px; \/* Ajusta el ancho seg\u00fan tus necesidades *\/\n      height: 600px; \/* Ajusta la altura seg\u00fan tus necesidades *\/\n      border: 1px lightgrey; \/* Borde azul claro *\/\n      margin-bottom: 20px; \/* Margen inferior para separar los iframes *\/\n    }\n\n  <\/style>\n<\/head>\n<body>\n  <iframe id=\"iframe1\" src=\"https:\/\/docs.google.com\/spreadsheets\/d\/e\/2PACX-1vQG71cDpNZG19lLMbYt8iC7Z0H6FXHdJOyhrhdIzvQIGl1lkdzEinSdSf4pnxs7GFdR6W3BtJCpxvyv\/pubhtml?widget=true&amp;headers=false\"><\/iframe>\n  \n<\/body>\n<\/html>\n\n\n\n<hr class=\"wp-block-separator has-text-color has-luminous-vivid-orange-color has-alpha-channel-opacity has-luminous-vivid-orange-background-color has-background is-style-wide\" style=\"margin-top:var(--wp--preset--spacing--50);margin-bottom:var(--wp--preset--spacing--50)\"\/>\n\n\n\n<div class=\"wp-block-uagb-advanced-heading uagb-block-5ebe9c3e\"><h2 class=\"uagb-heading-text\">\/\/ Filmograf\u00eda<\/h2><\/div>\n\n\n\n<hr class=\"wp-block-separator has-text-color has-luminous-vivid-orange-color has-alpha-channel-opacity has-luminous-vivid-orange-background-color has-background is-style-wide\" style=\"margin-top:var(--wp--preset--spacing--50);margin-bottom:var(--wp--preset--spacing--50)\"\/>\n\n\n\n<!DOCTYPE html>\n<html lang=\"en\">\n<head>\n  <meta charset=\"UTF-8\">\n  <meta name=\"viewport\" content=\"width=device-width, initial-scale=1.0\">\n  <title>Dos Iframes con Tama\u00f1os Diferentes<\/title>\n  <style>\n    \/* Estilo del primer iframe *\/\n    #iframe1 {\n      width: 960px; \/* Ajusta el ancho seg\u00fan tus necesidades *\/\n      height: 600px; \/* Ajusta la altura seg\u00fan tus necesidades *\/\n      border: 2px solid lightblue; \/* Borde azul claro *\/\n      margin-bottom: 20px; \/* Margen inferior para separar los iframes *\/\n    }\n\n  <\/style>\n<\/head>\n<body>\n  <iframe id=\"iframe1\" src=\"https:\/\/docs.google.com\/spreadsheets\/d\/e\/2PACX-1vTzCeyIwDN-bPzluuf8nCokmGBX9GEF3Caxglz0AMaUU2Yt4qZI_acG3Wxt0bJTFHJmmjnYUddk549j\/pubhtml?widget=true&amp;headers=false\"><\/iframe>\n\n<\/body>\n<\/html>\n\n\n\n<p><\/p>\n\n\n\n<hr class=\"wp-block-separator has-text-color has-luminous-vivid-orange-color has-alpha-channel-opacity has-luminous-vivid-orange-background-color has-background is-style-wide\" style=\"margin-top:var(--wp--preset--spacing--50);margin-bottom:var(--wp--preset--spacing--50)\"\/>","protected":false},"excerpt":{"rendered":"<p>Jordal, Jorge Vidal\u2019s nickname, is a multidisciplinary artist born in Madrid, 1977. Formed on Audiovisual Communication (UCM); actively participated in [&hellip;]<\/p>\n","protected":false},"author":1,"featured_media":0,"parent":0,"menu_order":0,"comment_status":"closed","ping_status":"closed","template":"","meta":{"_seopress_robots_primary_cat":"","_seopress_titles_title":"","_seopress_titles_desc":"","_seopress_robots_index":"","_uag_custom_page_level_css":"","site-sidebar-layout":"default","site-content-layout":"","ast-site-content-layout":"default","site-content-style":"default","site-sidebar-style":"default","ast-global-header-display":"","ast-banner-title-visibility":"","ast-main-header-display":"","ast-hfb-above-header-display":"","ast-hfb-below-header-display":"","ast-hfb-mobile-header-display":"","site-post-title":"","ast-breadcrumbs-content":"","ast-featured-img":"","footer-sml-layout":"","ast-disable-related-posts":"","theme-transparent-header-meta":"","adv-header-id-meta":"","stick-header-meta":"","header-above-stick-meta":"","header-main-stick-meta":"","header-below-stick-meta":"","astra-migrate-meta-layouts":"set","ast-page-background-enabled":"default","ast-page-background-meta":{"desktop":{"background-color":"","background-image":"","background-repeat":"repeat","background-position":"center center","background-size":"auto","background-attachment":"scroll","background-type":"","background-media":"","overlay-type":"","overlay-color":"","overlay-opacity":"","overlay-gradient":""},"tablet":{"background-color":"","background-image":"","background-repeat":"repeat","background-position":"center center","background-size":"auto","background-attachment":"scroll","background-type":"","background-media":"","overlay-type":"","overlay-color":"","overlay-opacity":"","overlay-gradient":""},"mobile":{"background-color":"","background-image":"","background-repeat":"repeat","background-position":"center center","background-size":"auto","background-attachment":"scroll","background-type":"","background-media":"","overlay-type":"","overlay-color":"","overlay-opacity":"","overlay-gradient":""}},"ast-content-background-meta":{"desktop":{"background-color":"var(--ast-global-color-5)","background-image":"","background-repeat":"repeat","background-position":"center center","background-size":"auto","background-attachment":"scroll","background-type":"","background-media":"","overlay-type":"","overlay-color":"","overlay-opacity":"","overlay-gradient":""},"tablet":{"background-color":"var(--ast-global-color-5)","background-image":"","background-repeat":"repeat","background-position":"center center","background-size":"auto","background-attachment":"scroll","background-type":"","background-media":"","overlay-type":"","overlay-color":"","overlay-opacity":"","overlay-gradient":""},"mobile":{"background-color":"var(--ast-global-color-5)","background-image":"","background-repeat":"repeat","background-position":"center center","background-size":"auto","background-attachment":"scroll","background-type":"","background-media":"","overlay-type":"","overlay-color":"","overlay-opacity":"","overlay-gradient":""}},"footnotes":""},"class_list":["post-62","page","type-page","status-publish","hentry"],"_hostinger_reach_plugin_has_subscription_block":false,"_hostinger_reach_plugin_is_elementor":false,"uagb_featured_image_src":{"full":false,"thumbnail":false,"medium":false,"medium_large":false,"large":false,"1536x1536":false,"2048x2048":false,"trp-custom-language-flag":false},"uagb_author_info":{"display_name":"jordal","author_link":"https:\/\/jordalefou.com\/es\/author\/jordalefougmail-com\/"},"uagb_comment_info":0,"uagb_excerpt":"Jordal, Jorge Vidal\u2019s nickname, is a multidisciplinary artist born in Madrid, 1977. Formed on Audiovisual Communication (UCM); actively participated in [&hellip;]","_links":{"self":[{"href":"https:\/\/jordalefou.com\/es\/wp-json\/wp\/v2\/pages\/62","targetHints":{"allow":["GET"]}}],"collection":[{"href":"https:\/\/jordalefou.com\/es\/wp-json\/wp\/v2\/pages"}],"about":[{"href":"https:\/\/jordalefou.com\/es\/wp-json\/wp\/v2\/types\/page"}],"author":[{"embeddable":true,"href":"https:\/\/jordalefou.com\/es\/wp-json\/wp\/v2\/users\/1"}],"replies":[{"embeddable":true,"href":"https:\/\/jordalefou.com\/es\/wp-json\/wp\/v2\/comments?post=62"}],"version-history":[{"count":20,"href":"https:\/\/jordalefou.com\/es\/wp-json\/wp\/v2\/pages\/62\/revisions"}],"predecessor-version":[{"id":4130,"href":"https:\/\/jordalefou.com\/es\/wp-json\/wp\/v2\/pages\/62\/revisions\/4130"}],"wp:attachment":[{"href":"https:\/\/jordalefou.com\/es\/wp-json\/wp\/v2\/media?parent=62"}],"curies":[{"name":"wp","href":"https:\/\/api.w.org\/{rel}","templated":true}]}}