{"id":72,"date":"2026-01-05T12:24:28","date_gmt":"2026-01-05T12:24:28","guid":{"rendered":"https:\/\/orchid-panther-716643.hostingersite.com\/es-la-ciudad-de-los-zurdos\/"},"modified":"2026-01-05T12:24:28","modified_gmt":"2026-01-05T12:24:28","slug":"es-la-ciudad-de-los-zurdos","status":"publish","type":"page","link":"https:\/\/jordalefou.com\/es\/es-la-ciudad-de-los-zurdos\/","title":{"rendered":"La Ciudad de los Zurdos"},"content":{"rendered":"<div class=\"image-gallery-wrapper\">\n<p>   <img decoding=\"async\" src=\"https:\/\/images.squarespace-cdn.com\/content\/v1\/5c238bbaf93fd45c7ceada8c\/1594485994787-XMP2PNVFWXNH44CT9EQZ\/LCDZ+Color+Espanol_001_.jpg?format=original\" \/><\/p>\n<\/div>\n<div class=\"sqs-html-content\" data-sqsp-text-block-content>\n<p class=\"\" style=\"white-space:pre-wrap;\"><strong>Extensi\u00f3n:<\/strong> 71 p\u00e1ginas Color<br \/><strong>Fecha:<\/strong> 2018<br \/><strong>G\u00e9nero:<\/strong> novela negra<br \/><strong>Idioma:<\/strong> espa\u00f1ol, ingl\u00e9s y franc\u00e9s<br \/><strong>Formato:<\/strong> &#8211;<\/p>\n<\/div>\n<div class=\"sqs-html-content\" data-sqsp-text-block-content>\n<p class=\"\" style=\"white-space:pre-wrap;\">Esta obra ha tenido el apoyo para su creaci\u00f3n de la <strong>Comunidad de Madrid<\/strong> a trav\u00e9s de la convocatoria de <strong>Ayudas a la Creaci\u00f3n Literaria<\/strong> correspondiente al a\u00f1o 2018.<\/p>\n<\/div>\n<p>      <img decoding=\"async\" src=\"https:\/\/images.squarespace-cdn.com\/content\/v1\/5c238bbaf93fd45c7ceada8c\/1549189649193-FDA547Z0PJOZZHGQ1W02\/Logo+CM.JPG?format=original\" alt=\"\"\/><\/p>\n<div class=\"sqs-html-content\" data-sqsp-text-block-content>\n<h1 style=\"white-space:pre-wrap;\">\/\/ La Ciudad de los Zurdos<\/h1>\n<h3 style=\"white-space:pre-wrap;\">\/\/ Una <strong>novela gr\u00e1fica<\/strong> de Jordal le fou<\/h3>\n<\/div>\n<hr \/>\n<div class=\"sqs-html-content\" data-sqsp-text-block-content>\n<h2 style=\"white-space:pre-wrap;\">\/ \/ Sinopsis<\/h2>\n<p class=\"\" style=\"white-space:pre-wrap;\"><strong>Salvador de Santos viaja a Lima para investigar el suicidio de L\u00e1zaro<\/strong>, el hijo de \u201cEl Peruano Blanco de Ojos Verdes\u201d.<\/p>\n<p>Salvador se encuentra en sue\u00f1os con L\u00e1zaro quien le asegura que no hay espacio para los zurdos en el Reino de los Cielos.<\/p>\n<p>A medida que avanza en la investigaci\u00f3n va conociendo diferentes personajes de la noche lime\u00f1a que le llevar\u00e1n a un peligroso callejon sin salida.<em><\/p>\n<p>La novela est\u00e1 ampliamente documentada en la ciudad de Lima.<\/em><\/p>\n<\/div>\n<figure class=\"block-animation-none\">\n<blockquote data-animation-role=\"quote\" \n<p>   ><br \/>\n    <span>\u201c<\/span>Muriel la llamaba La Ciudad de los Zurdos. Nunca lleg\u00f3 a explicarme ni eso ni todo lo dem\u00e1s<span>\u201d<\/span><br \/>\n  <\/blockquote><figcaption class=\"source\">&mdash; Salvador de Santos<\/figcaption><\/figure>\n<hr \/>\n<div class=\"image-gallery-wrapper\">\n<p>   <img decoding=\"async\" src=\"https:\/\/images.squarespace-cdn.com\/content\/v1\/5c238bbaf93fd45c7ceada8c\/1643917486111-150SAAHIMRQRZ74PYL3G\/LCDZ+Color+Espanol_002.jpg?format=original\" \/><\/p>\n<p>   <img decoding=\"async\" src=\"https:\/\/images.squarespace-cdn.com\/content\/v1\/5c238bbaf93fd45c7ceada8c\/1643917518572-K8TR8O8F7NZ6618W5EPA\/LCDZ+Color+Espanol_003.jpg?format=original\" \/><\/p>\n<p>   <img decoding=\"async\" src=\"https:\/\/images.squarespace-cdn.com\/content\/v1\/5c238bbaf93fd45c7ceada8c\/1643917538616-ZYZVTHRZ8MJIBNECB4R5\/LCDZ+Color+Espanol_004.jpg?format=original\" \/><\/p>\n<p>   <img decoding=\"async\" src=\"https:\/\/images.squarespace-cdn.com\/content\/v1\/5c238bbaf93fd45c7ceada8c\/1643917548264-NBQFMFWFSHTAGDU06ZX2\/LCDZ+Color+Espanol_005.jpg?format=original\" \/><\/p>\n<p>   <img decoding=\"async\" src=\"https:\/\/images.squarespace-cdn.com\/content\/v1\/5c238bbaf93fd45c7ceada8c\/1643917550794-LX92NF4YFO7X85XSAIDA\/LCDZ+Color+Espanol_006.jpg?format=original\" \/><\/p>\n<p>   <img decoding=\"async\" src=\"https:\/\/images.squarespace-cdn.com\/content\/v1\/5c238bbaf93fd45c7ceada8c\/1643917571364-MS471BYIHPQUBSDTAQCG\/LCDZ+Color+Espanol_007.jpg?format=original\" \/><\/p>\n<p>   <img decoding=\"async\" src=\"https:\/\/images.squarespace-cdn.com\/content\/v1\/5c238bbaf93fd45c7ceada8c\/1643917573626-2U2ZGRIROKP8BWDS9GMK\/LCDZ+Color+Espanol_008.jpg?format=original\" \/><\/p>\n<p>   <img decoding=\"async\" src=\"https:\/\/images.squarespace-cdn.com\/content\/v1\/5c238bbaf93fd45c7ceada8c\/1643917610221-67TVF3WUITDSB9O102ZK\/LCDZ+Color+Espanol_009.jpg?format=original\" \/><\/p>\n<p>   <img decoding=\"async\" src=\"https:\/\/images.squarespace-cdn.com\/content\/v1\/5c238bbaf93fd45c7ceada8c\/1643917607314-UC4OKTKHKPJ0F7EUK4C8\/LCDZ+Color+Espanol_010.jpg?format=original\" \/><\/p>\n<p>   <img decoding=\"async\" src=\"https:\/\/images.squarespace-cdn.com\/content\/v1\/5c238bbaf93fd45c7ceada8c\/1643917630461-6PM0IBQWVDFOY13C2CIW\/LCDZ+Color+Espanol_011.jpg?format=original\" \/><\/p>\n<p>   <img decoding=\"async\" src=\"https:\/\/images.squarespace-cdn.com\/content\/v1\/5c238bbaf93fd45c7ceada8c\/1643917628048-QZOVNZ28EFVLATVSJ88O\/LCDZ+Color+Espanol_012.jpg?format=original\" \/><\/p>\n<p>   <img decoding=\"async\" src=\"https:\/\/images.squarespace-cdn.com\/content\/v1\/5c238bbaf93fd45c7ceada8c\/1643917652618-C6JKDQ2BRIA5LTPY2HE0\/LCDZ+Color+Espanol_013.jpg?format=original\" \/><\/p>\n<p>   <img decoding=\"async\" src=\"https:\/\/images.squarespace-cdn.com\/content\/v1\/5c238bbaf93fd45c7ceada8c\/1643917660277-GVVFDQ9KRVZZHV46Q5KC\/LCDZ+Color+Espanol_014.jpg?format=original\" \/><\/p>\n<p>   <img decoding=\"async\" src=\"https:\/\/images.squarespace-cdn.com\/content\/v1\/5c238bbaf93fd45c7ceada8c\/1643917676862-J7XFQMQWML586WTX1KOO\/LCDZ+Color+Espanol_015.jpg?format=original\" \/><\/p>\n<p>   <img decoding=\"async\" src=\"https:\/\/images.squarespace-cdn.com\/content\/v1\/5c238bbaf93fd45c7ceada8c\/1643917684646-24TSN71Q1ZYN5MOIQX0X\/LCDZ+Color+Espanol_016.jpg?format=original\" \/><\/p>\n<p>   <img decoding=\"async\" src=\"https:\/\/images.squarespace-cdn.com\/content\/v1\/5c238bbaf93fd45c7ceada8c\/1643917720318-LY8DNDRBW18TAO282QEF\/LCDZ+Color+Espanol_017.jpg?format=original\" \/><\/p>\n<p>   <img decoding=\"async\" src=\"https:\/\/images.squarespace-cdn.com\/content\/v1\/5c238bbaf93fd45c7ceada8c\/1643917737223-YW203NGVSXUWMB1Z9VRK\/LCDZ+Color+Espanol_018.jpg?format=original\" \/><\/p>\n<p>   <img decoding=\"async\" src=\"https:\/\/images.squarespace-cdn.com\/content\/v1\/5c238bbaf93fd45c7ceada8c\/1643917750748-81EDGZ52NPYZAUP39CLV\/LCDZ+Color+Espanol_019.jpg?format=original\" \/><\/p>\n<p>   <img decoding=\"async\" src=\"https:\/\/images.squarespace-cdn.com\/content\/v1\/5c238bbaf93fd45c7ceada8c\/1643917755290-LDMT6CZOMWDZY770DFJI\/LCDZ+Color+Espanol_020.jpg?format=original\" \/><\/p>\n<p>   <img decoding=\"async\" src=\"https:\/\/images.squarespace-cdn.com\/content\/v1\/5c238bbaf93fd45c7ceada8c\/1643917777340-J4BOC28VRZCDM6O5CY60\/LCDZ+Color+Espanol_021.jpg?format=original\" \/><\/p>\n<p>   <img decoding=\"async\" src=\"https:\/\/images.squarespace-cdn.com\/content\/v1\/5c238bbaf93fd45c7ceada8c\/1643917784772-PNKSRTKBV4HEC81DVUCW\/LCDZ+Color+Espanol_022.jpg?format=original\" \/><\/p>\n<\/div>\n<hr \/>\n<div class=\"sqs-html-content\" data-sqsp-text-block-content>\n<h2 style=\"white-space:pre-wrap;\">\/\/ Acerca de la novela<\/h2>\n<p class=\"\" data-rte-preserve-empty=\"true\" style=\"white-space:pre-wrap;\">\n<p class=\"\" style=\"white-space:pre-wrap;\">2011 fue otro mal a\u00f1o para la econom\u00eda espa\u00f1ola, que segu\u00eda lastrada por la famosa <em>crisis ninja<\/em>. Tuve que buscar trabajo como expatriado y las navidades las pas\u00e9 en Dinamarca,  a pocos metros del &#8220;Animation Workshop&#8221;, la escuela de animaci\u00f3n de Viborg. <\/p>\n<p class=\"\" style=\"white-space:pre-wrap;\">A mi regreso a Madrid, un mensaje en el mailbox marcar\u00eda mi siguiente destino: una compa\u00f1\u00eda de Chile me ofrec\u00eda un puesto en Lima, Per\u00fa.<\/p>\n<p class=\"\" style=\"white-space:pre-wrap;\">Decid\u00ed ir a Per\u00fa a echar un vistazo y firm\u00e9 un contrato por un a\u00f1o. Mas tarde, aquello se tranform\u00f3 en casi cuatro.<\/p>\n<p class=\"\" style=\"white-space:pre-wrap;\"><strong>Son tantas las historias que se cuentan en Lima que por mucho que uno pueda llegar a contarlas, en nada se parecen a lo que es realmente vivirlas.<\/strong><\/p>\n<p class=\"\" style=\"white-space:pre-wrap;\">Impresionado por el choque de culturas decid\u00ed escribir una trama de serie negra, donde incluir algunas de estas an\u00e9cdotas y de alg\u00fan modo expresar las emociones que sent\u00ed en aquel contraste entre Europa y Latinoamerica.<\/p>\n<p class=\"\" style=\"white-space:pre-wrap;\">Gracias al apoyo del Fondo de Ayudas a la Creaci\u00f3n de la Comunidad de Madrid 2018, he podido desarrollar \u201cLa Ciudad de los Zurdos\u201d.  Ampliamente documentado en lugares reales, para mi, es un peque\u00f1o viaje de regreso a Lima y a alguno de sus rincones oscuros.<\/p>\n<\/div>\n<hr \/>\n<p>      <a href=\"\/es\/en\/city-lefties\/\" ><img decoding=\"async\" src=\"https:\/\/images.squarespace-cdn.com\/content\/v1\/5c238bbaf93fd45c7ceada8c\/1613754753297-1I4XWI6XOLKS4PTVAD0X\/BotonIngles.png?format=original\" alt=\"\"\/><\/a><\/p>\n<p>      <a href=\"\/es\/la-ciudad-de-los-zurdos\" ><img decoding=\"async\" src=\"https:\/\/images.squarespace-cdn.com\/content\/v1\/5c238bbaf93fd45c7ceada8c\/1613754710986-H9YUWADTP9H06F91TXKX\/BotonEspanol.png?format=original\" alt=\"\"\/><\/a><\/p>\n<p>      <a href=\"\/es\/fr\/la-ville-des-gauchiers\/\" ><img decoding=\"async\" src=\"https:\/\/images.squarespace-cdn.com\/content\/v1\/5c238bbaf93fd45c7ceada8c\/1613753430277-A0O4O87DXY9FZ3AXBVJ5\/BotonFrances.png?format=original\" alt=\"\"\/><\/a><\/p>","protected":false},"excerpt":{"rendered":"<p>Extensi\u00f3n: 71 p\u00e1ginas ColorFecha: 2018G\u00e9nero: novela negraIdioma: espa\u00f1ol, ingl\u00e9s y franc\u00e9sFormato: &#8211; Esta obra ha tenido el apoyo para su [&hellip;]<\/p>\n","protected":false},"author":1,"featured_media":0,"parent":0,"menu_order":0,"comment_status":"closed","ping_status":"closed","template":"","meta":{"_seopress_robots_primary_cat":"","_seopress_titles_title":"","_seopress_titles_desc":"","_seopress_robots_index":"","_uag_custom_page_level_css":"","site-sidebar-layout":"default","site-content-layout":"","ast-site-content-layout":"default","site-content-style":"default","site-sidebar-style":"default","ast-global-header-display":"","ast-banner-title-visibility":"","ast-main-header-display":"","ast-hfb-above-header-display":"","ast-hfb-below-header-display":"","ast-hfb-mobile-header-display":"","site-post-title":"","ast-breadcrumbs-content":"","ast-featured-img":"","footer-sml-layout":"","ast-disable-related-posts":"","theme-transparent-header-meta":"","adv-header-id-meta":"","stick-header-meta":"","header-above-stick-meta":"","header-main-stick-meta":"","header-below-stick-meta":"","astra-migrate-meta-layouts":"default","ast-page-background-enabled":"default","ast-page-background-meta":{"desktop":{"background-color":"","background-image":"","background-repeat":"repeat","background-position":"center center","background-size":"auto","background-attachment":"scroll","background-type":"","background-media":"","overlay-type":"","overlay-color":"","overlay-opacity":"","overlay-gradient":""},"tablet":{"background-color":"","background-image":"","background-repeat":"repeat","background-position":"center center","background-size":"auto","background-attachment":"scroll","background-type":"","background-media":"","overlay-type":"","overlay-color":"","overlay-opacity":"","overlay-gradient":""},"mobile":{"background-color":"","background-image":"","background-repeat":"repeat","background-position":"center center","background-size":"auto","background-attachment":"scroll","background-type":"","background-media":"","overlay-type":"","overlay-color":"","overlay-opacity":"","overlay-gradient":""}},"ast-content-background-meta":{"desktop":{"background-color":"var(--ast-global-color-5)","background-image":"","background-repeat":"repeat","background-position":"center center","background-size":"auto","background-attachment":"scroll","background-type":"","background-media":"","overlay-type":"","overlay-color":"","overlay-opacity":"","overlay-gradient":""},"tablet":{"background-color":"var(--ast-global-color-5)","background-image":"","background-repeat":"repeat","background-position":"center center","background-size":"auto","background-attachment":"scroll","background-type":"","background-media":"","overlay-type":"","overlay-color":"","overlay-opacity":"","overlay-gradient":""},"mobile":{"background-color":"var(--ast-global-color-5)","background-image":"","background-repeat":"repeat","background-position":"center center","background-size":"auto","background-attachment":"scroll","background-type":"","background-media":"","overlay-type":"","overlay-color":"","overlay-opacity":"","overlay-gradient":""}},"footnotes":""},"class_list":["post-72","page","type-page","status-publish","hentry"],"_hostinger_reach_plugin_has_subscription_block":false,"_hostinger_reach_plugin_is_elementor":false,"uagb_featured_image_src":{"full":false,"thumbnail":false,"medium":false,"medium_large":false,"large":false,"1536x1536":false,"2048x2048":false,"trp-custom-language-flag":false},"uagb_author_info":{"display_name":"jordal","author_link":"https:\/\/jordalefou.com\/es\/author\/jordalefougmail-com\/"},"uagb_comment_info":0,"uagb_excerpt":"Extensi\u00f3n: 71 p\u00e1ginas ColorFecha: 2018G\u00e9nero: novela negraIdioma: espa\u00f1ol, ingl\u00e9s y franc\u00e9sFormato: &#8211; Esta obra ha tenido el apoyo para su [&hellip;]","_links":{"self":[{"href":"https:\/\/jordalefou.com\/es\/wp-json\/wp\/v2\/pages\/72","targetHints":{"allow":["GET"]}}],"collection":[{"href":"https:\/\/jordalefou.com\/es\/wp-json\/wp\/v2\/pages"}],"about":[{"href":"https:\/\/jordalefou.com\/es\/wp-json\/wp\/v2\/types\/page"}],"author":[{"embeddable":true,"href":"https:\/\/jordalefou.com\/es\/wp-json\/wp\/v2\/users\/1"}],"replies":[{"embeddable":true,"href":"https:\/\/jordalefou.com\/es\/wp-json\/wp\/v2\/comments?post=72"}],"version-history":[{"count":0,"href":"https:\/\/jordalefou.com\/es\/wp-json\/wp\/v2\/pages\/72\/revisions"}],"wp:attachment":[{"href":"https:\/\/jordalefou.com\/es\/wp-json\/wp\/v2\/media?parent=72"}],"curies":[{"name":"wp","href":"https:\/\/api.w.org\/{rel}","templated":true}]}}